{"id":12026,"date":"2021-03-08T14:50:29","date_gmt":"2021-03-08T13:50:29","guid":{"rendered":"https:\/\/ujalkimia.hu\/akademia\/?page_id=12026"},"modified":"2025-09-18T12:28:05","modified_gmt":"2025-09-18T10:28:05","slug":"szerzoi_jogvedelem","status":"publish","type":"page","link":"https:\/\/ujalkimia.hu\/akademia\/szerzoi_jogvedelem\/","title":{"rendered":"Szerz\u0151i jogv\u00e9delem, v\u00e9djegyoltalom"},"content":{"rendered":"<h2>\u00d6sszes online \u00e9s \u00e9l\u0151 k\u00e9pz\u00e9s\u00fcnk,<br \/>\nvalamint \u00f6nismereti m\u00f3dszereink, gyakorlataink, hanganyagaink<br \/>\nszerz\u0151i jogv\u00e9delem alatt \u00e1llnak.<\/h2>\n<p>&nbsp;<\/p>\n<p>AZ \u00daJALK\u00cdMIA FILOZ\u00d3FI\u00c1JA, M\u00d3DSZERTANA, LABORGYAKORLATAI, SAJ\u00c1T DALAI<br \/>\nNyilv\u00e1ntart\u00e1si sz\u00e1m: 8379<\/p>\n<p>\u00daJALK\u00cdMIA SZELLEMI ISKOLA M\u00d3DSZERTANA, OKTAT\u00c1SI ANYAGA, FILOZ\u00d3FI\u00c1JA<br \/>\nNyilv\u00e1ntart\u00e1si sz\u00e1m: 8075<\/p>\n<p>V\u00e9dikus Alk\u00edmia tananyag, fogalomrendszer \u00e9s technik\u00e1k<br \/>\nNyilv\u00e1ntart\u00e1si sz\u00e1m: 6139<\/p>\n<p>Bh\u00e1va-g\u00f6rbe<br \/>\nNyilv\u00e1ntart\u00e1si sz\u00e1m: 4857<\/p>\n<p>LifeSutra Know How<br \/>\nNyilv\u00e1ntart\u00e1si sz\u00e1m: 2102<\/p>\n<p>&nbsp;<\/p>\n<h2>V\u00e9djegy oltalom alatt \u00e1ll:<\/h2>\n<p>\u00dajalk\u00edmia<br \/>\nNyilv\u00e1ntart\u00e1si sz\u00e1m: 230462<\/p>\n<p>Body Alchemy<br \/>\nNyilv\u00e1ntart\u00e1si sz\u00e1m: 227914<\/p>\n<p>V\u00e9dikus Alk\u00edmia<br \/>\nNyilv\u00e1ntart\u00e1si sz\u00e1m: 222753<\/p>\n<p>&nbsp;<\/p>\n<h2><strong>Szerz\u0151i jogv\u00e9delem elfogad\u00e1s\u00e1r\u00f3l sz\u00f3l\u00f3 nyilatkozat, amelyet tartalmaz a Feln\u0151ttk\u00e9pz\u00e9si szerz\u0151d\u00e9s<br \/>\n<\/strong><\/h2>\n<p><span class=\"TextRun SCXW28308921 BCX8\" lang=\"HU-HU\" xml:lang=\"HU-HU\" data-contrast=\"auto\"><span class=\"NormalTextRun SCXW28308921 BCX8\">(<\/span><\/span><span class=\"TextRun SCXW28308921 BCX8\" lang=\"HU-HU\" xml:lang=\"HU-HU\" data-contrast=\"none\"><span class=\"NormalTextRun SCXW28308921 BCX8\">A)\u00a0 \u00a0 \u00a0 \u00a0 \u00a0 \u00a0Tudom\u00e1sul veszem, hogy az \u201e\u00dajalk\u00edmia\u201d elnevez\u00e9s\u0171 m\u00f3dszer \u00e9s a kapcsol\u00f3d\u00f3 tananyag \u00d6nk\u00e9ntes M\u0171bejelent\u00e9ssel regisztr\u00e1lt szerz\u0151i m\u0171vek, melyek \u00f6tletgazd\u00e1ja <\/span><span class=\"NormalTextRun SpellingErrorV2Themed SCXW28308921 BCX8\">Egedi<\/span><span class=\"NormalTextRun SCXW28308921 BCX8\">-Kov\u00e1cs Melinda (<\/span><span class=\"NormalTextRun SpellingErrorV2Themed SCXW28308921 BCX8\">Szig.Sz<\/span><span class=\"NormalTextRun SCXW28308921 BCX8\">.: 892918EE) \u00e9s bizonyos tartalmak eset\u00e9ben Nagy Norbert (<\/span><span class=\"NormalTextRun SpellingErrorV2Themed SCXW28308921 BCX8\">Szig.Sz<\/span><span class=\"NormalTextRun SCXW28308921 BCX8\">.: 912661TA). Fent eml\u00edtett szellemi m\u0171 \u00e9s tananyag szerz\u0151i jogv\u00e9delem alatt \u00e1ll, b\u00e1rmilyen r\u00e9sz\u00e9nek \u00e9l\u0151, digit\u00e1lis vagy nyomtatott form\u00e1ban t\u00f6rt\u00e9n\u0151 m\u00e1sol\u00e1sa, terjeszt\u00e9se, \u00e1tdolgoz\u00e1sa, nyilv\u00e1nos el\u0151ad\u00e1sa, oktat\u00e1sban vagy szem\u00e9lyes tan\u00e1csad\u00e1sban val\u00f3 felhaszn\u00e1l\u00e1sa a szerz\u0151k el\u0151zetes \u00edr\u00e1sbeli enged\u00e9lye n\u00e9lk\u00fcl tilos. <\/span><\/span><span class=\"LineBreakBlob BlobObject DragDrop SCXW28308921 BCX8\"><span class=\"SCXW28308921 BCX8\">\u00a0<\/span><br class=\"SCXW28308921 BCX8\" \/><\/span><span class=\"TextRun SCXW28308921 BCX8\" lang=\"HU-HU\" xml:lang=\"HU-HU\" data-contrast=\"none\"><span class=\"NormalTextRun SCXW28308921 BCX8\">A v\u00e9dett m\u0171vek lajstromsz\u00e1mai itt tal\u00e1lhat\u00f3ak: <a href=\"https:\/\/ujalkimia.hu\/akademia\/szerzoi_jogvedelem\/\">https:\/\/ujalkimia.hu\/akademia\/szerzoi_jogvedelem\/<\/a><\/span><\/span><\/p>\n<p>(B)\u00a0\u00a0\u00a0\u00a0\u00a0\u00a0\u00a0\u00a0 Tudom\u00e1sul veszem, hogy a jelen nyilatkozat c\u00e9lja, hogy az \u00d6tletgazda a jogait a jogellenes haszn\u00e1lattal szemben biztos\u00edtsa, figyelemmel arra, hogy a jogellenes felhaszn\u00e1l\u00e1s az \u00d6tletgazd\u00e1nak jelent\u0151s k\u00e1rokat okozhat.<\/p>\n<p>(C)\u00a0\u00a0\u00a0\u00a0\u00a0\u00a0\u00a0\u00a0 Tudom\u00e1sul veszem \u00e9s elfogadom, hogy a jelen nyilatkozatban azok a szab\u00e1lyok ker\u00fclnek r\u00f6gz\u00edt\u00e9sre, amelyeket megismer\u00e9s\u00e9t a nyilatkozat al\u00e1\u00edr\u00e1s\u00e1val elismerem \u00e9s amelyek abban az esetben is ir\u00e1nyad\u00f3ak, ha az \u00d6tletgazda, az \u00d6tletgazda tulajdon\u00e1ban \u00e1ll\u00f3 gazdas\u00e1gi t\u00e1rsas\u00e1g \u00e9s a Nyilatkozattev\u0151 k\u00f6z\u00f6tt a 6. pont szerinti felhaszn\u00e1l\u00e1si szerz\u0151d\u00e9s nem j\u00f6n l\u00e9tre.<\/p>\n<p><strong>A fentiek tudom\u00e1sulv\u00e9tele mellett a Nyilatkozattev\u0151 kijelenti, hogy:<\/strong><\/p>\n<ol>\n<li>elfogadja, hogy valamennyi, az \u00d6tletgazda \u00e1ltal el\u0151adott\/bemutatott prezent\u00e1ci\u00f3\/elm\u00e9leti oktat\u00e1s\/gyakorlati bemutat\u00f3 sor\u00e1n nyert inform\u00e1ci\u00f3 \u00e9s \u00e1tadott dokument\u00e1ci\u00f3 szigor\u00faan bizalmas, f\u00fcggetlen\u00fcl att\u00f3l, hogy szerz\u0151i jogi vagy iparjogv\u00e9delmi oltalom \u00e1ltal biztos\u00edtott-e, vagy sem.<\/li>\n<li>az (A) pontban meghat\u00e1rozott v\u00e9delem alatt \u00e1ll\u00f3 sz\u00f3\u00f6sszet\u00e9tel \u00e9s v\u00e9djegy tekintet\u00e9ben tart\u00f3zkodik a tisztess\u00e9gtelen piaci magatart\u00e1s \u00e9s a versenykorl\u00e1toz\u00e1s tilalm\u00e1r\u00f3l sz\u00f3l\u00f3 1996. \u00e9vi LVII. t\u00f6rv\u00e9ny 6.\u00a7-ban megfogalmazott jellegbitorl\u00e1st megval\u00f3s\u00edt\u00f3 magatart\u00e1st\u00f3l.<\/li>\n<li>elfogadja, hogy valamennyi inform\u00e1ci\u00f3 a Nyilatkozattev\u0151vel priv\u00e1t oktat\u00e1si c\u00e9lb\u00f3l ker\u00fcl k\u00f6zl\u00e9sre, \u00e9s annak kiz\u00e1r\u00f3lag priv\u00e1t felhaszn\u00e1l\u00e1sa megengedett. Priv\u00e1t felhaszn\u00e1l\u00e1snak min\u0151s\u00fcl a Nyilatkozattev\u0151 saj\u00e1t \u00e9letvitel\u00e9nek meghat\u00e1roz\u00e1sa sor\u00e1n t\u00f6rt\u00e9n\u0151 felhaszn\u00e1l\u00e1s. Minden ezt meghalad\u00f3, az \u00d6tletgazda enged\u00e9lye n\u00e9lk\u00fcli felhaszn\u00e1l\u00e1s jogellenes haszn\u00e1latnak min\u0151s\u00fcl.<\/li>\n<li>teljes \u00e9s korl\u00e1tlan titoktart\u00e1si k\u00f6telezetts\u00e9get v\u00e1llal a fenti pontokban le\u00edrt inform\u00e1ci\u00f3kkal \u00e9s adatokkal kapcsolatban, v\u00e1llalja, hogy azokat bizalmasan kezeli.<\/li>\n<\/ol>\n<p>valamint,<\/p>\n<ol start=\"5\">\n<li>A Nyilatkozattev\u0151, illetve k\u00f6zeli hozz\u00e1tartoz\u00f3ja, alkalmazottja, vagy teljes\u00edt\u00e9si seg\u00e9dje, azok k\u00f6zeli hozz\u00e1tartoz\u00f3i, a Nyilatkozattev\u0151 tudom\u00e1s\u00e1val cselekv\u0151 harmadik szem\u00e9ly sem jogosult(ak) a Know-Howr\u00f3l tartott prezent\u00e1ci\u00f3r\u00f3l, illetve az <em>\u00dajalk\u00edmia\u2122 (kor\u00e1bbi nev\u00e9n V\u00e9dikus Alk\u00edmia) <\/em>m\u00f3dszert bemutat\u00f3 elm\u00e9leti \u00e9s gyakorlati oktat\u00e1sr\u00f3l hangfelv\u00e9telt, videofelv\u00e9telt k\u00e9sz\u00edteni, vagy azt b\u00e1rmilyen adathordoz\u00f3n enged\u00e9ly n\u00e9lk\u00fcl lem\u00e1solni, sokszoros\u00edtani, illetve annak tartalm\u00e1t r\u00e9szben vagy eg\u00e9szben b\u00e1rmilyen on-line, k\u00f6z\u00f6ss\u00e9gi vagy egy\u00e9b m\u00e9dia fel\u00fcleten, illetve m\u00e1s, elt\u00e9r\u0151 n\u00e9ven regisztr\u00e1lt internetes tartom\u00e1nyhoz (domain-hez) tartoz\u00f3 fel\u00fcleten terjeszteni.<\/li>\n<li>A Nyilatkozattev\u0151 k\u00f6telezetts\u00e9get v\u00e1llal arra, hogy f\u00fcggetlen\u00fcl att\u00f3l, hogy az \u00d6tletgazd\u00e1val a Know-How t\u00e1rgy\u00e1t k\u00e9pez\u0151 megold\u00e1s oktat\u00e1s\u00e1val kapcsolatban felhaszn\u00e1l\u00e1si szerz\u0151d\u00e9st vagy b\u00e1rmilyen meg\u00e1llapod\u00e1s k\u00edv\u00e1n k\u00f6tni, illetve k\u00f6t\u00f6tt vagy sem, az <em>\u00dajalk\u00edmia\u2122 (kor\u00e1bbi nev\u00e9n V\u00e9dikus Alk\u00edmia) m\u00f3dszert<\/em> az \u00d6tletgazda kifejezett \u00edr\u00e1sbeli hozz\u00e1j\u00e1rul\u00e1sa n\u00e9lk\u00fcl semmilyen form\u00e1ban nem adhatja tov\u00e1bb, illetve nem oktathatja, annak felhaszn\u00e1l\u00e1sa kiz\u00e1r\u00f3lag a jelen 3. pontban meghat\u00e1rozott priv\u00e1t felhaszn\u00e1l\u00e1s k\u00f6r\u00e9ben megengedett, azon t\u00falmen\u0151 terjedelemben \u00e9s semmilyen m\u00f3don nem m\u0171k\u00f6dik k\u00f6zre abban, hogy azt az 5. pontban meghat\u00e1rozottak vagy m\u00e1s harmadik szem\u00e9lyek az \u00d6tletgazda enged\u00e9lye n\u00e9lk\u00fcl felhaszn\u00e1lj\u00e1k.<\/li>\n<li>Amennyiben Nyilatkozattev\u0151, vagy b\u00e1rmely, a fenti 5. pontban le\u00edrt szem\u00e9ly megszegn\u00e9 a jelen nyilatkozatban r\u00f6gz\u00edtett k\u00f6telezetts\u00e9geket, az\u00e9rt a Nyilatkozattev\u0151 teljes felel\u0151ss\u00e9ggel tartozik.<\/li>\n<li>Az 1-7. pontokban r\u00e9szletezett k\u00f6telezetts\u00e9gek megs\u00e9rt\u00e9se, vagy az azokban megfogalmazottakkal ellent\u00e9tes, vagy azokt\u00f3l elt\u00e9r\u0151 &#8211; az \u00d6tletgazda sz\u00e1m\u00e1ra el\u0151nytelen k\u00f6vetkezm\u00e9nyekkel j\u00e1r\u00f3- magatart\u00e1s tan\u00fas\u00edt\u00e1sa jogs\u00e9rt\u00e9snek min\u0151s\u00fcl, ami ut\u00e1n a Know-How \u00e9rt\u00e9k\u00e9re figyelemmel az \u00d6tletgazda jogs\u00e9rt\u00e9senk\u00e9nt 2.000.000, -Ft, azaz k\u00e9tmilli\u00f3 forint j\u00f3v\u00e1t\u00e9teli d\u00edjra jogosult, amelyet Nyilatkozattev\u0151 a fizet\u00e9si felsz\u00f3l\u00edt\u00e1s k\u00e9zhezv\u00e9tel\u00e9t\u0151l sz\u00e1m\u00edtott 15 (tizen\u00f6t) napon bel\u00fcl k\u00f6teles megfizetni. Az \u00d6tletgazda jogosult a j\u00f3v\u00e1t\u00e9teli d\u00edjat meghalad\u00f3 k\u00e1rait, valamint az \u00fczleti titok v\u00e9delm\u00e9r\u0151l sz\u00f3l\u00f3 2018. \u00e9vi LIV. t\u00f6rv\u00e9nyben meghat\u00e1rozott szankci\u00f3kat \u00e9rv\u00e9nyes\u00edteni<\/li>\n<li>Nyilatkozattev\u0151nek a jelen nyilatkozatban v\u00e1llalt k\u00f6telezetts\u00e9gei id\u0151ben korl\u00e1tlanok.<\/li>\n<li>A Nyilatkozattev\u0151 a jelen nyilatkozatb\u00f3l ered\u0151 jogvita eset\u00e9re al\u00e1veti mag\u00e1t a jogvita t\u00e1rgy\u00e1t\u00f3l, illetve a pert\u00e1rgy \u00e9rt\u00e9k\u00e9t\u0151l f\u00fcgg\u0151en a Pest Megyei T\u00f6rv\u00e9nysz\u00e9k, vagy a Budapesti II. ker\u00fcleti B\u00edr\u00f3s\u00e1g kiz\u00e1r\u00f3lagos illet\u00e9kess\u00e9g\u00e9nek \u00e9s hat\u00e1sk\u00f6r\u00e9nek, kiv\u00e9tel, ha a polg\u00e1ri perrendtart\u00e1sr\u00f3l sz\u00f3l\u00f3 2016. \u00e9vi CXXX. t\u00f6rv\u00e9ny kiz\u00e1r\u00f3lagos illet\u00e9kess\u00e9get \u00e9s hat\u00e1sk\u00f6rt \u00edr el\u0151.<\/li>\n<\/ol>\n<p>A Nyilatkozattev\u0151 a jelen nyilatkozatot elolvasta, meg\u00e9rtette, \u00e9s mint akarat\u00e1val mindenben megegyez\u0151t helybenhagy\u00f3lag al\u00e1\u00edrja.<\/p>\n","protected":false},"excerpt":{"rendered":"<p>\u00d6sszes online \u00e9s \u00e9l\u0151 k\u00e9pz\u00e9s\u00fcnk, valamint \u00f6nismereti m\u00f3dszereink, gyakorlataink, hanganyagaink szerz\u0151i jogv\u00e9delem alatt \u00e1llnak. &nbsp; AZ \u00daJALK\u00cdMIA FILOZ\u00d3FI\u00c1JA, M\u00d3DSZERTANA, LABORGYAKORLATAI, SAJ\u00c1T DALAI Nyilv\u00e1ntart\u00e1si sz\u00e1m: 8379 \u00daJALK\u00cdMIA SZELLEMI ISKOLA M\u00d3DSZERTANA, OKTAT\u00c1SI ANYAGA, FILOZ\u00d3FI\u00c1JA Nyilv\u00e1ntart\u00e1si sz\u00e1m: 8075 V\u00e9dikus Alk\u00edmia tananyag, fogalomrendszer \u00e9s technik\u00e1k Nyilv\u00e1ntart\u00e1si sz\u00e1m: 6139 Bh\u00e1va-g\u00f6rbe Nyilv\u00e1ntart\u00e1si sz\u00e1m: 4857 LifeSutra Know How Nyilv\u00e1ntart\u00e1si sz\u00e1m: 2102 &nbsp; [&hellip;]<\/p>\n","protected":false},"author":7,"featured_media":0,"parent":0,"menu_order":23,"comment_status":"closed","ping_status":"closed","template":"","meta":{"footnotes":""},"class_list":["post-12026","page","type-page","status-publish","hentry"],"yoast_head":"<!-- This site is optimized with the Yoast SEO plugin v27.0 - https:\/\/yoast.com\/product\/yoast-seo-wordpress\/ -->\n<title>Szerz\u0151i jogv\u00e9delem, v\u00e9djegyoltalom - \u00dajalk\u00edmia<\/title>\n<meta name=\"robots\" content=\"noindex, follow, max-snippet:-1, max-image-preview:large, max-video-preview:-1\" \/>\n<meta property=\"og:locale\" content=\"hu_HU\" \/>\n<meta property=\"og:type\" content=\"article\" \/>\n<meta property=\"og:title\" content=\"Szerz\u0151i jogv\u00e9delem, v\u00e9djegyoltalom - \u00dajalk\u00edmia\" \/>\n<meta property=\"og:description\" content=\"\u00d6sszes online \u00e9s \u00e9l\u0151 k\u00e9pz\u00e9s\u00fcnk, valamint \u00f6nismereti m\u00f3dszereink, gyakorlataink, hanganyagaink szerz\u0151i jogv\u00e9delem alatt \u00e1llnak. &nbsp; AZ \u00daJALK\u00cdMIA FILOZ\u00d3FI\u00c1JA, M\u00d3DSZERTANA, LABORGYAKORLATAI, SAJ\u00c1T DALAI Nyilv\u00e1ntart\u00e1si sz\u00e1m: 8379 \u00daJALK\u00cdMIA SZELLEMI ISKOLA M\u00d3DSZERTANA, OKTAT\u00c1SI ANYAGA, FILOZ\u00d3FI\u00c1JA Nyilv\u00e1ntart\u00e1si sz\u00e1m: 8075 V\u00e9dikus Alk\u00edmia tananyag, fogalomrendszer \u00e9s technik\u00e1k Nyilv\u00e1ntart\u00e1si sz\u00e1m: 6139 Bh\u00e1va-g\u00f6rbe Nyilv\u00e1ntart\u00e1si sz\u00e1m: 4857 LifeSutra Know How Nyilv\u00e1ntart\u00e1si sz\u00e1m: 2102 &nbsp; [&hellip;]\" \/>\n<meta property=\"og:url\" content=\"https:\/\/ujalkimia.hu\/akademia\/szerzoi_jogvedelem\/\" \/>\n<meta property=\"og:site_name\" content=\"\u00dajalk\u00edmia\" \/>\n<meta property=\"article:modified_time\" content=\"2025-09-18T10:28:05+00:00\" \/>\n<meta name=\"twitter:card\" content=\"summary_large_image\" \/>\n<meta name=\"twitter:label1\" content=\"Becs\u00fclt olvas\u00e1si id\u0151\" \/>\n\t<meta name=\"twitter:data1\" content=\"4 perc\" \/>\n<script type=\"application\/ld+json\" class=\"yoast-schema-graph\">{\"@context\":\"https:\/\/schema.org\",\"@graph\":[{\"@type\":\"WebPage\",\"@id\":\"https:\/\/ujalkimia.hu\/akademia\/szerzoi_jogvedelem\/\",\"url\":\"https:\/\/ujalkimia.hu\/akademia\/szerzoi_jogvedelem\/\",\"name\":\"Szerz\u0151i jogv\u00e9delem, v\u00e9djegyoltalom - \u00dajalk\u00edmia\",\"isPartOf\":{\"@id\":\"https:\/\/ujalkimia.hu\/akademia\/#website\"},\"datePublished\":\"2021-03-08T13:50:29+00:00\",\"dateModified\":\"2025-09-18T10:28:05+00:00\",\"breadcrumb\":{\"@id\":\"https:\/\/ujalkimia.hu\/akademia\/szerzoi_jogvedelem\/#breadcrumb\"},\"inLanguage\":\"hu\",\"potentialAction\":[{\"@type\":\"ReadAction\",\"target\":[\"https:\/\/ujalkimia.hu\/akademia\/szerzoi_jogvedelem\/\"]}]},{\"@type\":\"BreadcrumbList\",\"@id\":\"https:\/\/ujalkimia.hu\/akademia\/szerzoi_jogvedelem\/#breadcrumb\",\"itemListElement\":[{\"@type\":\"ListItem\",\"position\":1,\"name\":\"Home\",\"item\":\"https:\/\/ujalkimia.hu\/akademia\/\"},{\"@type\":\"ListItem\",\"position\":2,\"name\":\"Szerz\u0151i jogv\u00e9delem, v\u00e9djegyoltalom\"}]},{\"@type\":\"WebSite\",\"@id\":\"https:\/\/ujalkimia.hu\/akademia\/#website\",\"url\":\"https:\/\/ujalkimia.hu\/akademia\/\",\"name\":\"\u00dajalk\u00edmia\",\"description\":\"\u00dajalk\u00edmia Iskola\",\"potentialAction\":[{\"@type\":\"SearchAction\",\"target\":{\"@type\":\"EntryPoint\",\"urlTemplate\":\"https:\/\/ujalkimia.hu\/akademia\/?s={search_term_string}\"},\"query-input\":{\"@type\":\"PropertyValueSpecification\",\"valueRequired\":true,\"valueName\":\"search_term_string\"}}],\"inLanguage\":\"hu\"}]}<\/script>\n<!-- \/ Yoast SEO plugin. -->","yoast_head_json":{"title":"Szerz\u0151i jogv\u00e9delem, v\u00e9djegyoltalom - \u00dajalk\u00edmia","robots":{"index":"noindex","follow":"follow","max-snippet":"max-snippet:-1","max-image-preview":"max-image-preview:large","max-video-preview":"max-video-preview:-1"},"og_locale":"hu_HU","og_type":"article","og_title":"Szerz\u0151i jogv\u00e9delem, v\u00e9djegyoltalom - \u00dajalk\u00edmia","og_description":"\u00d6sszes online \u00e9s \u00e9l\u0151 k\u00e9pz\u00e9s\u00fcnk, valamint \u00f6nismereti m\u00f3dszereink, gyakorlataink, hanganyagaink szerz\u0151i jogv\u00e9delem alatt \u00e1llnak. &nbsp; AZ \u00daJALK\u00cdMIA FILOZ\u00d3FI\u00c1JA, M\u00d3DSZERTANA, LABORGYAKORLATAI, SAJ\u00c1T DALAI Nyilv\u00e1ntart\u00e1si sz\u00e1m: 8379 \u00daJALK\u00cdMIA SZELLEMI ISKOLA M\u00d3DSZERTANA, OKTAT\u00c1SI ANYAGA, FILOZ\u00d3FI\u00c1JA Nyilv\u00e1ntart\u00e1si sz\u00e1m: 8075 V\u00e9dikus Alk\u00edmia tananyag, fogalomrendszer \u00e9s technik\u00e1k Nyilv\u00e1ntart\u00e1si sz\u00e1m: 6139 Bh\u00e1va-g\u00f6rbe Nyilv\u00e1ntart\u00e1si sz\u00e1m: 4857 LifeSutra Know How Nyilv\u00e1ntart\u00e1si sz\u00e1m: 2102 &nbsp; [&hellip;]","og_url":"https:\/\/ujalkimia.hu\/akademia\/szerzoi_jogvedelem\/","og_site_name":"\u00dajalk\u00edmia","article_modified_time":"2025-09-18T10:28:05+00:00","twitter_card":"summary_large_image","twitter_misc":{"Becs\u00fclt olvas\u00e1si id\u0151":"4 perc"},"schema":{"@context":"https:\/\/schema.org","@graph":[{"@type":"WebPage","@id":"https:\/\/ujalkimia.hu\/akademia\/szerzoi_jogvedelem\/","url":"https:\/\/ujalkimia.hu\/akademia\/szerzoi_jogvedelem\/","name":"Szerz\u0151i jogv\u00e9delem, v\u00e9djegyoltalom - \u00dajalk\u00edmia","isPartOf":{"@id":"https:\/\/ujalkimia.hu\/akademia\/#website"},"datePublished":"2021-03-08T13:50:29+00:00","dateModified":"2025-09-18T10:28:05+00:00","breadcrumb":{"@id":"https:\/\/ujalkimia.hu\/akademia\/szerzoi_jogvedelem\/#breadcrumb"},"inLanguage":"hu","potentialAction":[{"@type":"ReadAction","target":["https:\/\/ujalkimia.hu\/akademia\/szerzoi_jogvedelem\/"]}]},{"@type":"BreadcrumbList","@id":"https:\/\/ujalkimia.hu\/akademia\/szerzoi_jogvedelem\/#breadcrumb","itemListElement":[{"@type":"ListItem","position":1,"name":"Home","item":"https:\/\/ujalkimia.hu\/akademia\/"},{"@type":"ListItem","position":2,"name":"Szerz\u0151i jogv\u00e9delem, v\u00e9djegyoltalom"}]},{"@type":"WebSite","@id":"https:\/\/ujalkimia.hu\/akademia\/#website","url":"https:\/\/ujalkimia.hu\/akademia\/","name":"\u00dajalk\u00edmia","description":"\u00dajalk\u00edmia Iskola","potentialAction":[{"@type":"SearchAction","target":{"@type":"EntryPoint","urlTemplate":"https:\/\/ujalkimia.hu\/akademia\/?s={search_term_string}"},"query-input":{"@type":"PropertyValueSpecification","valueRequired":true,"valueName":"search_term_string"}}],"inLanguage":"hu"}]}},"_links":{"self":[{"href":"https:\/\/ujalkimia.hu\/akademia\/wp-json\/wp\/v2\/pages\/12026","targetHints":{"allow":["GET"]}}],"collection":[{"href":"https:\/\/ujalkimia.hu\/akademia\/wp-json\/wp\/v2\/pages"}],"about":[{"href":"https:\/\/ujalkimia.hu\/akademia\/wp-json\/wp\/v2\/types\/page"}],"author":[{"embeddable":true,"href":"https:\/\/ujalkimia.hu\/akademia\/wp-json\/wp\/v2\/users\/7"}],"replies":[{"embeddable":true,"href":"https:\/\/ujalkimia.hu\/akademia\/wp-json\/wp\/v2\/comments?post=12026"}],"version-history":[{"count":9,"href":"https:\/\/ujalkimia.hu\/akademia\/wp-json\/wp\/v2\/pages\/12026\/revisions"}],"predecessor-version":[{"id":30938,"href":"https:\/\/ujalkimia.hu\/akademia\/wp-json\/wp\/v2\/pages\/12026\/revisions\/30938"}],"wp:attachment":[{"href":"https:\/\/ujalkimia.hu\/akademia\/wp-json\/wp\/v2\/media?parent=12026"}],"curies":[{"name":"wp","href":"https:\/\/api.w.org\/{rel}","templated":true}]}}