{"id":7978,"date":"2020-05-29T14:54:58","date_gmt":"2020-05-29T12:54:58","guid":{"rendered":"https:\/\/ujalkimia.hu\/akademia\/?page_id=7978"},"modified":"2020-11-27T11:01:23","modified_gmt":"2020-11-27T10:01:23","slug":"bejelentkezes-regisztracio","status":"publish","type":"page","link":"https:\/\/ujalkimia.hu\/akademia\/bejelentkezes-regisztracio\/","title":{"rendered":"Bejelentkez\u00e9s &#8211; regisztr\u00e1ci\u00f3"},"content":{"rendered":"","protected":false},"excerpt":{"rendered":"","protected":false},"author":1795,"featured_media":0,"parent":0,"menu_order":28,"comment_status":"closed","ping_status":"closed","template":"template-login-registration.php","meta":{"footnotes":""},"class_list":["post-7978","page","type-page","status-publish","hentry"],"yoast_head":"<!-- This site is optimized with the Yoast SEO plugin v27.0 - https:\/\/yoast.com\/product\/yoast-seo-wordpress\/ -->\n<title>Bejelentkez\u00e9s - regisztr\u00e1ci\u00f3 - \u00dajalk\u00edmia<\/title>\n<meta name=\"robots\" content=\"noindex, follow, max-snippet:-1, max-image-preview:large, max-video-preview:-1\" \/>\n<meta property=\"og:locale\" content=\"hu_HU\" \/>\n<meta property=\"og:type\" content=\"article\" \/>\n<meta property=\"og:title\" content=\"Bejelentkez\u00e9s - regisztr\u00e1ci\u00f3 - \u00dajalk\u00edmia\" \/>\n<meta property=\"og:url\" content=\"https:\/\/ujalkimia.hu\/akademia\/bejelentkezes-regisztracio\/\" \/>\n<meta property=\"og:site_name\" content=\"\u00dajalk\u00edmia\" \/>\n<meta property=\"article:modified_time\" content=\"2020-11-27T10:01:23+00:00\" \/>\n<meta name=\"twitter:card\" content=\"summary_large_image\" \/>\n<script type=\"application\/ld+json\" class=\"yoast-schema-graph\">{\"@context\":\"https:\/\/schema.org\",\"@graph\":[{\"@type\":\"WebPage\",\"@id\":\"https:\/\/ujalkimia.hu\/akademia\/bejelentkezes-regisztracio\/\",\"url\":\"https:\/\/ujalkimia.hu\/akademia\/bejelentkezes-regisztracio\/\",\"name\":\"Bejelentkez\u00e9s - regisztr\u00e1ci\u00f3 - \u00dajalk\u00edmia\",\"isPartOf\":{\"@id\":\"https:\/\/ujalkimia.hu\/akademia\/#website\"},\"datePublished\":\"2020-05-29T12:54:58+00:00\",\"dateModified\":\"2020-11-27T10:01:23+00:00\",\"breadcrumb\":{\"@id\":\"https:\/\/ujalkimia.hu\/akademia\/bejelentkezes-regisztracio\/#breadcrumb\"},\"inLanguage\":\"hu\",\"potentialAction\":[{\"@type\":\"ReadAction\",\"target\":[\"https:\/\/ujalkimia.hu\/akademia\/bejelentkezes-regisztracio\/\"]}]},{\"@type\":\"BreadcrumbList\",\"@id\":\"https:\/\/ujalkimia.hu\/akademia\/bejelentkezes-regisztracio\/#breadcrumb\",\"itemListElement\":[{\"@type\":\"ListItem\",\"position\":1,\"name\":\"Home\",\"item\":\"https:\/\/ujalkimia.hu\/akademia\/\"},{\"@type\":\"ListItem\",\"position\":2,\"name\":\"Bejelentkez\u00e9s &#8211; regisztr\u00e1ci\u00f3\"}]},{\"@type\":\"WebSite\",\"@id\":\"https:\/\/ujalkimia.hu\/akademia\/#website\",\"url\":\"https:\/\/ujalkimia.hu\/akademia\/\",\"name\":\"\u00dajalk\u00edmia\",\"description\":\"\u00dajalk\u00edmia Iskola\",\"potentialAction\":[{\"@type\":\"SearchAction\",\"target\":{\"@type\":\"EntryPoint\",\"urlTemplate\":\"https:\/\/ujalkimia.hu\/akademia\/?s={search_term_string}\"},\"query-input\":{\"@type\":\"PropertyValueSpecification\",\"valueRequired\":true,\"valueName\":\"search_term_string\"}}],\"inLanguage\":\"hu\"}]}<\/script>\n<!-- \/ Yoast SEO plugin. -->","yoast_head_json":{"title":"Bejelentkez\u00e9s - regisztr\u00e1ci\u00f3 - \u00dajalk\u00edmia","robots":{"index":"noindex","follow":"follow","max-snippet":"max-snippet:-1","max-image-preview":"max-image-preview:large","max-video-preview":"max-video-preview:-1"},"og_locale":"hu_HU","og_type":"article","og_title":"Bejelentkez\u00e9s - regisztr\u00e1ci\u00f3 - \u00dajalk\u00edmia","og_url":"https:\/\/ujalkimia.hu\/akademia\/bejelentkezes-regisztracio\/","og_site_name":"\u00dajalk\u00edmia","article_modified_time":"2020-11-27T10:01:23+00:00","twitter_card":"summary_large_image","schema":{"@context":"https:\/\/schema.org","@graph":[{"@type":"WebPage","@id":"https:\/\/ujalkimia.hu\/akademia\/bejelentkezes-regisztracio\/","url":"https:\/\/ujalkimia.hu\/akademia\/bejelentkezes-regisztracio\/","name":"Bejelentkez\u00e9s - regisztr\u00e1ci\u00f3 - \u00dajalk\u00edmia","isPartOf":{"@id":"https:\/\/ujalkimia.hu\/akademia\/#website"},"datePublished":"2020-05-29T12:54:58+00:00","dateModified":"2020-11-27T10:01:23+00:00","breadcrumb":{"@id":"https:\/\/ujalkimia.hu\/akademia\/bejelentkezes-regisztracio\/#breadcrumb"},"inLanguage":"hu","potentialAction":[{"@type":"ReadAction","target":["https:\/\/ujalkimia.hu\/akademia\/bejelentkezes-regisztracio\/"]}]},{"@type":"BreadcrumbList","@id":"https:\/\/ujalkimia.hu\/akademia\/bejelentkezes-regisztracio\/#breadcrumb","itemListElement":[{"@type":"ListItem","position":1,"name":"Home","item":"https:\/\/ujalkimia.hu\/akademia\/"},{"@type":"ListItem","position":2,"name":"Bejelentkez\u00e9s &#8211; regisztr\u00e1ci\u00f3"}]},{"@type":"WebSite","@id":"https:\/\/ujalkimia.hu\/akademia\/#website","url":"https:\/\/ujalkimia.hu\/akademia\/","name":"\u00dajalk\u00edmia","description":"\u00dajalk\u00edmia Iskola","potentialAction":[{"@type":"SearchAction","target":{"@type":"EntryPoint","urlTemplate":"https:\/\/ujalkimia.hu\/akademia\/?s={search_term_string}"},"query-input":{"@type":"PropertyValueSpecification","valueRequired":true,"valueName":"search_term_string"}}],"inLanguage":"hu"}]}},"_links":{"self":[{"href":"https:\/\/ujalkimia.hu\/akademia\/wp-json\/wp\/v2\/pages\/7978","targetHints":{"allow":["GET"]}}],"collection":[{"href":"https:\/\/ujalkimia.hu\/akademia\/wp-json\/wp\/v2\/pages"}],"about":[{"href":"https:\/\/ujalkimia.hu\/akademia\/wp-json\/wp\/v2\/types\/page"}],"author":[{"embeddable":true,"href":"https:\/\/ujalkimia.hu\/akademia\/wp-json\/wp\/v2\/users\/1795"}],"replies":[{"embeddable":true,"href":"https:\/\/ujalkimia.hu\/akademia\/wp-json\/wp\/v2\/comments?post=7978"}],"version-history":[{"count":0,"href":"https:\/\/ujalkimia.hu\/akademia\/wp-json\/wp\/v2\/pages\/7978\/revisions"}],"wp:attachment":[{"href":"https:\/\/ujalkimia.hu\/akademia\/wp-json\/wp\/v2\/media?parent=7978"}],"curies":[{"name":"wp","href":"https:\/\/api.w.org\/{rel}","templated":true}]}}