{"id":7990,"date":"2020-05-29T14:57:46","date_gmt":"2020-05-29T12:57:46","guid":{"rendered":"https:\/\/ujalkimia.hu\/akademia\/?page_id=7990"},"modified":"2025-11-10T18:28:25","modified_gmt":"2025-11-10T17:28:25","slug":"impresszum","status":"publish","type":"page","link":"https:\/\/ujalkimia.hu\/akademia\/impresszum\/","title":{"rendered":"Impresszum"},"content":{"rendered":"<div class=\"wpb-content-wrapper\"><p>[vc_row][vc_column][vc_column_text css=&#8221;&#8221;]<\/p>\n<table style=\"height: 465px;\" width=\"1413\">\n<tbody>\n<tr>\n<td>A domain tulajdonosa<\/p>\n<p>\u00dczemeltet\u0151<\/td>\n<td>A Tudatos Ember\u00e9rt Alap\u00edtv\u00e1ny<\/p>\n<p>Egedi-Kov\u00e1cs Melinda e.v<\/td>\n<\/tr>\n<tr>\n<td>Sz\u00e9khely\/telephely<\/td>\n<td>2045 T\u00f6r\u00f6kb\u00e1lint, Erd\u0151 utca 13\/A. I. em. 2.<\/td>\n<\/tr>\n<tr>\n<td>\u00dcgyf\u00e9lszolg\u00e1lat<\/td>\n<td>info@ujalkimia.hu<\/td>\n<\/tr>\n<tr>\n<td>C\u00e9gjegyz\u00e9ksz\u00e1m<\/td>\n<td>52542420<\/td>\n<\/tr>\n<tr>\n<td>Nyilv\u00e1ntart\u00f3 hat\u00f3s\u00e1g<\/td>\n<td>C\u00e9gb\u00edr\u00f3s\u00e1g<\/td>\n<\/tr>\n<tr>\n<td>Ad\u00f3sz\u00e1m<\/td>\n<td>73553865-1-4<\/td>\n<\/tr>\n<tr>\n<td><\/td>\n<td><\/td>\n<\/tr>\n<tr>\n<td>T\u00e1rhely szolg\u00e1ltat\u00f3i adatok<\/td>\n<td>Colors-Computer Kft.<\/p>\n<p>Sz\u00e9khely: 6724 Szeged, Kossuth Lajos sgt., 60.<\/p>\n<p>&nbsp;<\/td>\n<\/tr>\n<\/tbody>\n<\/table>\n<p><strong>Jogi nyilatkozat<\/strong><\/p>\n<p>A honlap <a href=\"http:\/\/www.ujalkimia.hu\">www.ujalkimia.hu\/akademia\/<\/a> weblap \u00e9s kapcsol\u00f3d\u00f3 weblapok megnyit\u00e1s\u00e1val, \u00d6n elfogadja az Impresszumban, Adatv\u00e9delmi Szab\u00e1lyzatban \u00e9s \u00c1ltal\u00e1nos Szerz\u0151d\u00e9si Felt\u00e9telekben foglaltakat. A \u201eFelhaszn\u00e1l\u00f3\u201d kifejez\u00e9s a weboldalhoz mindenkor hozz\u00e1f\u00e9r\u0151 \u00e9s\/vagy azt felhaszn\u00e1l\u00f3 szem\u00e9lyt jelenti.<\/p>\n<p><strong>Felel\u0151ss\u00e9gv\u00e1llal\u00e1s<\/strong><\/p>\n<p>A T\u00e1rsas\u00e1g \u00e9s a Weboldal k\u00e9sz\u00edt\u00e9s\u00e9ben k\u00f6zrem\u0171k\u00f6d\u0151 harmadik f\u00e9l, nem v\u00e1llalnak felel\u0151ss\u00e9get a weboldalhoz vagy a weboldalr\u00f3l valamely hivatkoz\u00e1s \u00fatj\u00e1n megnyitott m\u00e1s weboldalhoz val\u00f3 hozz\u00e1f\u00e9r\u00e9sb\u0151l, ezek haszn\u00e1lat\u00e1b\u00f3l, haszn\u00e1lat\u00e1ra val\u00f3 k\u00e9ptelens\u00e9gb\u0151l, tartalm\u00e1nak v\u00e1ltoz\u00e1saib\u00f3l, illetve a haszn\u00e1latb\u00f3l ered\u0151 k\u00e1rokoz\u00e1s\u00e9rt semmilyen felel\u0151ss\u00e9get nem v\u00e1llal.<\/p>\n<p><strong>Tiltott tev\u00e9kenys\u00e9g<\/strong><\/p>\n<p>A Felhaszn\u00e1l\u00f3k nem v\u00e9gezhetnek a T\u00e1rsas\u00e1g saj\u00e1t m\u00e9rlegel\u00e9si k\u00f6r\u00e9ben helytelennek tartott, \u00e9s\/vagy a weboldalra vonatkoz\u00f3 b\u00e1rmely jogszab\u00e1ly szerint jogellenes, avagy tiltott tev\u00e9kenys\u00e9get.<\/p>\n<p>[\/vc_column_text][\/vc_column][\/vc_row]<\/p>\n<\/div>","protected":false},"excerpt":{"rendered":"<p>[vc_row][vc_column][vc_column_text css=&#8221;&#8221;] A domain tulajdonosa \u00dczemeltet\u0151 A Tudatos Ember\u00e9rt Alap\u00edtv\u00e1ny Egedi-Kov\u00e1cs Melinda e.v Sz\u00e9khely\/telephely 2045 T\u00f6r\u00f6kb\u00e1lint, Erd\u0151 utca 13\/A. I. em. 2. \u00dcgyf\u00e9lszolg\u00e1lat info@ujalkimia.hu C\u00e9gjegyz\u00e9ksz\u00e1m 52542420 Nyilv\u00e1ntart\u00f3 hat\u00f3s\u00e1g C\u00e9gb\u00edr\u00f3s\u00e1g Ad\u00f3sz\u00e1m 73553865-1-4 T\u00e1rhely szolg\u00e1ltat\u00f3i adatok Colors-Computer Kft. Sz\u00e9khely: 6724 Szeged, Kossuth Lajos sgt., 60. &nbsp; Jogi nyilatkozat A honlap www.ujalkimia.hu\/akademia\/ weblap \u00e9s kapcsol\u00f3d\u00f3 weblapok megnyit\u00e1s\u00e1val, \u00d6n [&hellip;]<\/p>\n","protected":false},"author":1795,"featured_media":0,"parent":0,"menu_order":19,"comment_status":"closed","ping_status":"closed","template":"","meta":{"footnotes":""},"class_list":["post-7990","page","type-page","status-publish","hentry"],"yoast_head":"<!-- This site is optimized with the Yoast SEO plugin v27.0 - https:\/\/yoast.com\/product\/yoast-seo-wordpress\/ -->\n<title>Impresszum - \u00dajalk\u00edmia<\/title>\n<meta name=\"robots\" content=\"noindex, follow, max-snippet:-1, max-image-preview:large, max-video-preview:-1\" \/>\n<meta property=\"og:locale\" content=\"hu_HU\" \/>\n<meta property=\"og:type\" content=\"article\" \/>\n<meta property=\"og:title\" content=\"Impresszum - \u00dajalk\u00edmia\" \/>\n<meta property=\"og:description\" content=\"[vc_row][vc_column][vc_column_text css=&#8221;&#8221;] A domain tulajdonosa \u00dczemeltet\u0151 A Tudatos Ember\u00e9rt Alap\u00edtv\u00e1ny Egedi-Kov\u00e1cs Melinda e.v Sz\u00e9khely\/telephely 2045 T\u00f6r\u00f6kb\u00e1lint, Erd\u0151 utca 13\/A. I. em. 2. \u00dcgyf\u00e9lszolg\u00e1lat info@ujalkimia.hu C\u00e9gjegyz\u00e9ksz\u00e1m 52542420 Nyilv\u00e1ntart\u00f3 hat\u00f3s\u00e1g C\u00e9gb\u00edr\u00f3s\u00e1g Ad\u00f3sz\u00e1m 73553865-1-4 T\u00e1rhely szolg\u00e1ltat\u00f3i adatok Colors-Computer Kft. Sz\u00e9khely: 6724 Szeged, Kossuth Lajos sgt., 60. &nbsp; Jogi nyilatkozat A honlap www.ujalkimia.hu\/akademia\/ weblap \u00e9s kapcsol\u00f3d\u00f3 weblapok megnyit\u00e1s\u00e1val, \u00d6n [&hellip;]\" \/>\n<meta property=\"og:url\" content=\"https:\/\/ujalkimia.hu\/akademia\/impresszum\/\" \/>\n<meta property=\"og:site_name\" content=\"\u00dajalk\u00edmia\" \/>\n<meta property=\"article:modified_time\" content=\"2025-11-10T17:28:25+00:00\" \/>\n<meta name=\"twitter:card\" content=\"summary_large_image\" \/>\n<meta name=\"twitter:label1\" content=\"Becs\u00fclt olvas\u00e1si id\u0151\" \/>\n\t<meta name=\"twitter:data1\" content=\"1 perc\" \/>\n<script type=\"application\/ld+json\" class=\"yoast-schema-graph\">{\"@context\":\"https:\/\/schema.org\",\"@graph\":[{\"@type\":\"WebPage\",\"@id\":\"https:\/\/ujalkimia.hu\/akademia\/impresszum\/\",\"url\":\"https:\/\/ujalkimia.hu\/akademia\/impresszum\/\",\"name\":\"Impresszum - \u00dajalk\u00edmia\",\"isPartOf\":{\"@id\":\"https:\/\/ujalkimia.hu\/akademia\/#website\"},\"datePublished\":\"2020-05-29T12:57:46+00:00\",\"dateModified\":\"2025-11-10T17:28:25+00:00\",\"breadcrumb\":{\"@id\":\"https:\/\/ujalkimia.hu\/akademia\/impresszum\/#breadcrumb\"},\"inLanguage\":\"hu\",\"potentialAction\":[{\"@type\":\"ReadAction\",\"target\":[\"https:\/\/ujalkimia.hu\/akademia\/impresszum\/\"]}]},{\"@type\":\"BreadcrumbList\",\"@id\":\"https:\/\/ujalkimia.hu\/akademia\/impresszum\/#breadcrumb\",\"itemListElement\":[{\"@type\":\"ListItem\",\"position\":1,\"name\":\"Home\",\"item\":\"https:\/\/ujalkimia.hu\/akademia\/\"},{\"@type\":\"ListItem\",\"position\":2,\"name\":\"Impresszum\"}]},{\"@type\":\"WebSite\",\"@id\":\"https:\/\/ujalkimia.hu\/akademia\/#website\",\"url\":\"https:\/\/ujalkimia.hu\/akademia\/\",\"name\":\"\u00dajalk\u00edmia\",\"description\":\"\u00dajalk\u00edmia Iskola\",\"potentialAction\":[{\"@type\":\"SearchAction\",\"target\":{\"@type\":\"EntryPoint\",\"urlTemplate\":\"https:\/\/ujalkimia.hu\/akademia\/?s={search_term_string}\"},\"query-input\":{\"@type\":\"PropertyValueSpecification\",\"valueRequired\":true,\"valueName\":\"search_term_string\"}}],\"inLanguage\":\"hu\"}]}<\/script>\n<!-- \/ Yoast SEO plugin. -->","yoast_head_json":{"title":"Impresszum - \u00dajalk\u00edmia","robots":{"index":"noindex","follow":"follow","max-snippet":"max-snippet:-1","max-image-preview":"max-image-preview:large","max-video-preview":"max-video-preview:-1"},"og_locale":"hu_HU","og_type":"article","og_title":"Impresszum - \u00dajalk\u00edmia","og_description":"[vc_row][vc_column][vc_column_text css=&#8221;&#8221;] A domain tulajdonosa \u00dczemeltet\u0151 A Tudatos Ember\u00e9rt Alap\u00edtv\u00e1ny Egedi-Kov\u00e1cs Melinda e.v Sz\u00e9khely\/telephely 2045 T\u00f6r\u00f6kb\u00e1lint, Erd\u0151 utca 13\/A. I. em. 2. \u00dcgyf\u00e9lszolg\u00e1lat info@ujalkimia.hu C\u00e9gjegyz\u00e9ksz\u00e1m 52542420 Nyilv\u00e1ntart\u00f3 hat\u00f3s\u00e1g C\u00e9gb\u00edr\u00f3s\u00e1g Ad\u00f3sz\u00e1m 73553865-1-4 T\u00e1rhely szolg\u00e1ltat\u00f3i adatok Colors-Computer Kft. Sz\u00e9khely: 6724 Szeged, Kossuth Lajos sgt., 60. &nbsp; Jogi nyilatkozat A honlap www.ujalkimia.hu\/akademia\/ weblap \u00e9s kapcsol\u00f3d\u00f3 weblapok megnyit\u00e1s\u00e1val, \u00d6n [&hellip;]","og_url":"https:\/\/ujalkimia.hu\/akademia\/impresszum\/","og_site_name":"\u00dajalk\u00edmia","article_modified_time":"2025-11-10T17:28:25+00:00","twitter_card":"summary_large_image","twitter_misc":{"Becs\u00fclt olvas\u00e1si id\u0151":"1 perc"},"schema":{"@context":"https:\/\/schema.org","@graph":[{"@type":"WebPage","@id":"https:\/\/ujalkimia.hu\/akademia\/impresszum\/","url":"https:\/\/ujalkimia.hu\/akademia\/impresszum\/","name":"Impresszum - \u00dajalk\u00edmia","isPartOf":{"@id":"https:\/\/ujalkimia.hu\/akademia\/#website"},"datePublished":"2020-05-29T12:57:46+00:00","dateModified":"2025-11-10T17:28:25+00:00","breadcrumb":{"@id":"https:\/\/ujalkimia.hu\/akademia\/impresszum\/#breadcrumb"},"inLanguage":"hu","potentialAction":[{"@type":"ReadAction","target":["https:\/\/ujalkimia.hu\/akademia\/impresszum\/"]}]},{"@type":"BreadcrumbList","@id":"https:\/\/ujalkimia.hu\/akademia\/impresszum\/#breadcrumb","itemListElement":[{"@type":"ListItem","position":1,"name":"Home","item":"https:\/\/ujalkimia.hu\/akademia\/"},{"@type":"ListItem","position":2,"name":"Impresszum"}]},{"@type":"WebSite","@id":"https:\/\/ujalkimia.hu\/akademia\/#website","url":"https:\/\/ujalkimia.hu\/akademia\/","name":"\u00dajalk\u00edmia","description":"\u00dajalk\u00edmia Iskola","potentialAction":[{"@type":"SearchAction","target":{"@type":"EntryPoint","urlTemplate":"https:\/\/ujalkimia.hu\/akademia\/?s={search_term_string}"},"query-input":{"@type":"PropertyValueSpecification","valueRequired":true,"valueName":"search_term_string"}}],"inLanguage":"hu"}]}},"_links":{"self":[{"href":"https:\/\/ujalkimia.hu\/akademia\/wp-json\/wp\/v2\/pages\/7990","targetHints":{"allow":["GET"]}}],"collection":[{"href":"https:\/\/ujalkimia.hu\/akademia\/wp-json\/wp\/v2\/pages"}],"about":[{"href":"https:\/\/ujalkimia.hu\/akademia\/wp-json\/wp\/v2\/types\/page"}],"author":[{"embeddable":true,"href":"https:\/\/ujalkimia.hu\/akademia\/wp-json\/wp\/v2\/users\/1795"}],"replies":[{"embeddable":true,"href":"https:\/\/ujalkimia.hu\/akademia\/wp-json\/wp\/v2\/comments?post=7990"}],"version-history":[{"count":5,"href":"https:\/\/ujalkimia.hu\/akademia\/wp-json\/wp\/v2\/pages\/7990\/revisions"}],"predecessor-version":[{"id":31412,"href":"https:\/\/ujalkimia.hu\/akademia\/wp-json\/wp\/v2\/pages\/7990\/revisions\/31412"}],"wp:attachment":[{"href":"https:\/\/ujalkimia.hu\/akademia\/wp-json\/wp\/v2\/media?parent=7990"}],"curies":[{"name":"wp","href":"https:\/\/api.w.org\/{rel}","templated":true}]}}