{"id":26035,"date":"2024-04-30T10:06:06","date_gmt":"2024-04-30T08:06:06","guid":{"rendered":"https:\/\/ujalkimia.hu\/akademia\/?post_type=product&#038;p=26035"},"modified":"2026-03-26T16:08:51","modified_gmt":"2026-03-26T15:08:51","slug":"belso-iskolai-levelezo-tagdij-havi-5-000-ft","status":"publish","type":"product","link":"https:\/\/ujalkimia.hu\/akademia\/product\/belso-iskolai-levelezo-tagdij-havi-5-000-ft\/","title":{"rendered":"Bels\u0151 Iskolai LEVELEZ\u0150 TAGD\u00cdJ &#8211; havi 5.000 Ft"},"content":{"rendered":"<div class=\"wpb-content-wrapper\"><p>[vc_row][vc_column][vc_column_text css=&#8221;&#8221;]<img fetchpriority=\"high\" decoding=\"async\" class=\"wp-image-26036 size-full alignright\" src=\"https:\/\/ujalkimia.hu\/akademia\/wp-content\/uploads\/2024\/04\/subscribe-symbol-3abd2ce0dabf50a62fc1ead37b15ff3a.png\" alt=\"\u00dajalk\u00edmia\" width=\"448\" height=\"475\" \/><\/p>\n<h2><span style=\"color: #008080;\">5.000 Ft<br \/>\n<\/span><\/h2>\n<h3><span style=\"color: #008080;\">Ez az \u00f6sszeg egy havi<br \/>\ntagd\u00edjnak felel meg,<\/span><br \/>\n<span style=\"color: #008080;\">amely havi egy vide\u00f3ra<br \/>\nr\u00f6gz\u00edtett el\u0151ad\u00e1shoz<br \/>\nval\u00f3 hozz\u00e1f\u00e9r\u00e9st biztos\u00edt.<\/span><\/h3>\n<p aria-level=\"1\">A havi tagd\u00edj el\u0151fizet\u00e9sed elind\u00edt\u00e1s\u00e1nak pillanat\u00e1ban e-mailben megkapod az els\u0151 el\u0151ad\u00e1st, \u00e9s onnant\u00f3l kezdve<br \/>\nminden h\u00f3nap 11-15. napja k\u00f6z\u00f6tt<br \/>\negy \u00fajabb el\u0151ad\u00e1st k\u00fcld\u00fcnk el.<\/p>\n<p aria-level=\"1\">Ezenk\u00edv\u00fcl elk\u00fcldj\u00fck neked azokat a jelszavakat, amivel hozz\u00e1f\u00e9rhetsz a Bels\u0151 Iskol\u00e1ban kor\u00e1bban elhangzott el\u0151ad\u00e1sokhoz, valamint Patr\u00f3nusaink el\u00e9rhet\u0151s\u00e9g\u00e9t.<\/p>\n<p>&nbsp;<\/p>\n<p>A l\u00e9nyeg r\u00f6viden:<\/p>\n<h3 data-pm-slice=\"1 1 []\"><span style=\"color: #008080;\">Az 1. vide\u00f3 a tagd\u00edj elind\u00edt\u00e1sakor azonnal \u00e9rkezik az e-mail fi\u00f3kodba.<\/span><br \/>\n<span style=\"color: #008080;\">A havi vide\u00f3k a h\u00f3nap 11-15. napja k\u00f6zt \u00e9rkeznek.<\/span><\/h3>\n<p>&nbsp;<\/p>\n<h2><span style=\"color: #333333;\"><span style=\"color: #008080;\">Fontos tudnival\u00f3k az el\u0151fizet\u00e9s m\u0171k\u00f6d\u00e9s\u00e9r\u0151l<\/span><br \/>\n<\/span><\/h2>\n<ul>\n<li><strong>HOGYAN IND\u00cdTHATOD EL A TAGD\u00cdJAT<\/strong>: Kattints az <em>Elind\u00edtom a tagd\u00edjat<\/em> gombra. Ez \u00e1t fog dobni t\u00e9ged a <em>Bejelentkez\u00e9s-Regisztr\u00e1ci\u00f3<\/em> oldalra. Itt k\u00e9rj\u00fck, hogy csin\u00e1lj egy \u00faj regisztr\u00e1ci\u00f3t. FIGYELEM! Ugyanazzal az e-mail c\u00edmeddel \u00e9s jelszavaddal csin\u00e1ld meg ezt az \u00faj regisztr\u00e1ci\u00f3t itt is, mint amit eddig haszn\u00e1lt\u00e1l a k\u00e9pz\u00e9sek megv\u00e1s\u00e1rl\u00e1sakor, az <em>ujalkimia.hu, azaz az Akad\u00e9mia (K\u00fcls\u0151 Iskola)<\/em> oldal\u00e1n. Sz\u00e1munkra fontos, hogy egyezzen az e-mail c\u00edmed \u00e9s jelszavad mindk\u00e9t oldalon.<\/li>\n<li>\n<p data-pm-slice=\"1 1 []\"><span style=\"color: #b30b75;\"><strong>MIKOR IND\u00cdTSD EL: <\/strong>K\u00e9rj\u00fck, hogy egy dologra <span style=\"text-decoration: underline;\"><strong>figyelj oda<\/strong><\/span>, hogy <span style=\"text-decoration: underline;\"><strong>egy adott h\u00f3napban 1-5. k\u00f6z\u00f6tt ne ind\u00edtsd el\u00a0a tagd\u00edjad, csak a h\u00f3nap 6. napj\u00e1t\u00f3l.<\/strong><\/span><\/span><\/p>\n<\/li>\n<li><strong>HOGYAN M\u0170K\u00d6DIK A TAGD\u00cdJ FIZET\u00c9S:<\/strong> Amikor el\u0151sz\u00f6r elind\u00edtasz egy tagd\u00edjat, az els\u0151 v\u00e1s\u00e1rl\u00e1sn\u00e1l a rendszer azonnal leveszi az adott h\u00f3napra a bankk\u00e1rty\u00e1dr\u00f3l az els\u0151 havi d\u00edjat. Ezt k\u00f6vet\u0151en m\u00e1r semmi teend\u0151d nincsen. A tagd\u00edj el\u0151fizet\u00e9sed mindaddig \u00e9l, am\u00edg azt le nem \u00e1ll\u00edtod.<\/li>\n<li><strong>FORDUL\u00d3NAPOK:<\/strong> Minden h\u00f3nap 5-10. napjai k\u00f6zt veszi le automatikusan az aktu\u00e1lis havi tagd\u00edjat a rendszer a k\u00e1rty\u00e1dr\u00f3l. K\u00e9rj\u00fck, gondoskodj arr\u00f3l, hogy ezekben a napokban legyen fedezet a k\u00e1rty\u00e1don.<\/li>\n<li><strong>HA NINCSEN FEDEZET A K\u00c1RTY\u00c1N: <\/strong>A rendszer 7 napon kereszt\u00fcl, \u00f6sszesen 5 alkalommal pr\u00f3b\u00e1lja levenni az \u00f6sszeget \u00e9s minden alkalommal err\u0151l figyelmeztet\u0151 emailt k\u00fcld. Ha ez nem siker\u00fcl, akkor az el\u0151fizet\u00e9s \u201cLej\u00e1rt\u201d st\u00e1tuszba ker\u00fcl. Mi felkeres\u00fcnk t\u00e9ged, \u00e9s ha nem ind\u00edtod \u00fajra a tagd\u00edjad, akkor felf\u00fcggesztj\u00fck a tags\u00e1godat.<\/li>\n<li><strong>HOL TUDOD MEGN\u00c9ZNI, LE\u00c1LL\u00cdTANI, VAGY \u00daJRAIND\u00cdTANI A TAGD\u00cdJADAT: <\/strong>Kattints\u00a0a <em>Fi\u00f3kom\/Tagd\u00edjaim \u00e9s R\u00e9szletfizet\u00e9ses<\/em> <em>k\u00e9pz\u00e9seim<\/em> men\u00fcbe, \u00e9s ott tal\u00e1lod az \u00f6sszes tagd\u00edj el\u0151fizet\u00e9sed r\u00e9szleteit.<\/li>\n<\/ul>\n<ul>\n<li><strong>TAGS\u00c1G MEGSZ\u0170N\u00c9SE: <\/strong>A tagd\u00edj el\u0151fizet\u00e9s megsz\u00fcntet\u00e9s\u00e9vel a bels\u0151 iskolai tags\u00e1god felf\u00fcggesztj\u00fck vagy ha \u00edr\u00e1sban jelzed fel\u00e9nk a kil\u00e9p\u00e9sed, akkor v\u00e9get \u00e9r.<\/li>\n<\/ul>\n<h3><\/h3>\n<h3><span style=\"color: #008080;\">Ez az el\u0151fizet\u00e9s kiz\u00e1r\u00f3lag az \u00dajalk\u00edmia Bels\u0151 Iskola tagjait \u00e9rinti.<\/span><\/h3>\n<p>Az el\u0151fizet\u00e9s elind\u00edt\u00e1sa nem jelent automatikus felv\u00e9telt ebbe a Bels\u0151 Iskol\u00e1ba, ez\u00e9rt arra k\u00e9r\u00fcnk, hogy ne fizess el\u0151 a tags\u00e1gra, csak abban az esetben, ha jelentkezt\u00e9l \u00e9s felv\u00e9telt nyert\u00e9l n\u00e1lunk.<\/p>\n<p><span style=\"color: #333399;\"><a style=\"color: #333399;\" href=\"https:\/\/ujalkimia.hu\/belso_iskola\/\" target=\"_blank\" rel=\"noopener\"><em><strong>Ha \u00e9rdekl\u0151dsz a Bels\u0151 Iskola ir\u00e1nt, itt tal\u00e1lsz err\u0151l b\u0151vebb inform\u00e1ci\u00f3t<\/strong><\/em><\/a><\/span>[\/vc_column_text][\/vc_column][\/vc_row]<\/p>\n<\/div>","protected":false},"excerpt":{"rendered":"<p data-pm-slice=\"1 1 []\">A levelez\u0151 tags\u00e1g havi tagd\u00edja 5.000 Ft\/h\u00f3.<\/p>\n<p>Ez a d\u00edjbefizet\u00e9s kiz\u00e1r\u00f3lag az \u00dajalk\u00edmia Bels\u0151 Iskola tagjait \u00e9rinti.<\/p>\n<p>K\u00e9rj\u00fck, ne fizesd be, ha m\u00e9g nem nyert\u00e9l felv\u00e9telt a Bels\u0151 Iskola levelez\u0151 tagjai k\u00f6z\u00e9.<\/p>\n","protected":false},"featured_media":26047,"template":"","meta":[],"product_brand":[],"product_cat":[179],"product_tag":[],"class_list":{"0":"post-26035","1":"product","2":"type-product","3":"status-publish","4":"has-post-thumbnail","6":"product_cat-a-belso-iskola-tagjainak","8":"first","9":"instock","10":"virtual","11":"sold-individually","12":"taxable","13":"purchasable","14":"product-type-subscription"},"bundled_by":[],"bundle_stock_status":"instock","bundle_stock_quantity":null,"bundle_virtual":false,"bundle_layout":"","bundle_add_to_cart_form_location":"","bundle_editable_in_cart":false,"bundle_sold_individually_context":"","bundle_item_grouping":"","bundle_min_size":"","bundle_max_size":"","bundle_price":[],"bundled_items":[],"bundle_sell_ids":[],"yoast_head":"<!-- This site is optimized with the Yoast SEO plugin v27.0 - https:\/\/yoast.com\/product\/yoast-seo-wordpress\/ -->\n<title>Bels\u0151 Iskolai LEVELEZ\u0150 TAGD\u00cdJ - havi 5.000 Ft - \u00dajalk\u00edmia<\/title>\n<meta name=\"robots\" content=\"noindex, follow, max-snippet:-1, max-image-preview:large, max-video-preview:-1\" \/>\n<meta property=\"og:locale\" content=\"hu_HU\" \/>\n<meta property=\"og:type\" content=\"article\" \/>\n<meta property=\"og:title\" content=\"Bels\u0151 Iskolai LEVELEZ\u0150 TAGD\u00cdJ - havi 5.000 Ft - \u00dajalk\u00edmia\" \/>\n<meta property=\"og:description\" content=\"A levelez\u0151 tags\u00e1g havi tagd\u00edja 5.000 Ft\/h\u00f3.  Ez a d\u00edjbefizet\u00e9s kiz\u00e1r\u00f3lag az \u00dajalk\u00edmia Bels\u0151 Iskola tagjait \u00e9rinti.  K\u00e9rj\u00fck, ne fizesd be, ha m\u00e9g nem nyert\u00e9l felv\u00e9telt a Bels\u0151 Iskola levelez\u0151 tagjai k\u00f6z\u00e9.\" \/>\n<meta property=\"og:url\" content=\"https:\/\/ujalkimia.hu\/akademia\/product\/belso-iskolai-levelezo-tagdij-havi-5-000-ft\/\" \/>\n<meta property=\"og:site_name\" content=\"\u00dajalk\u00edmia\" \/>\n<meta property=\"article:modified_time\" content=\"2026-03-26T15:08:51+00:00\" \/>\n<meta property=\"og:image\" content=\"https:\/\/ujalkimia.hu\/akademia\/wp-content\/uploads\/2024\/04\/subscribe-symbol-3abd2ce0dabf50a62fc1ead37b15ff3a-ok.jpg\" \/>\n\t<meta property=\"og:image:width\" content=\"648\" \/>\n\t<meta property=\"og:image:height\" content=\"687\" \/>\n\t<meta property=\"og:image:type\" content=\"image\/jpeg\" \/>\n<meta name=\"twitter:card\" content=\"summary_large_image\" \/>\n<meta name=\"twitter:label1\" content=\"Becs\u00fclt olvas\u00e1si id\u0151\" \/>\n\t<meta name=\"twitter:data1\" content=\"3 perc\" \/>\n<script type=\"application\/ld+json\" class=\"yoast-schema-graph\">{\"@context\":\"https:\/\/schema.org\",\"@graph\":[{\"@type\":\"WebPage\",\"@id\":\"https:\/\/ujalkimia.hu\/akademia\/product\/belso-iskolai-levelezo-tagdij-havi-5-000-ft\/\",\"url\":\"https:\/\/ujalkimia.hu\/akademia\/product\/belso-iskolai-levelezo-tagdij-havi-5-000-ft\/\",\"name\":\"Bels\u0151 Iskolai LEVELEZ\u0150 TAGD\u00cdJ - havi 5.000 Ft - \u00dajalk\u00edmia\",\"isPartOf\":{\"@id\":\"https:\/\/ujalkimia.hu\/akademia\/#website\"},\"primaryImageOfPage\":{\"@id\":\"https:\/\/ujalkimia.hu\/akademia\/product\/belso-iskolai-levelezo-tagdij-havi-5-000-ft\/#primaryimage\"},\"image\":{\"@id\":\"https:\/\/ujalkimia.hu\/akademia\/product\/belso-iskolai-levelezo-tagdij-havi-5-000-ft\/#primaryimage\"},\"thumbnailUrl\":\"https:\/\/ujalkimia.hu\/akademia\/wp-content\/uploads\/2024\/04\/subscribe-symbol-3abd2ce0dabf50a62fc1ead37b15ff3a-ok.jpg\",\"datePublished\":\"2024-04-30T08:06:06+00:00\",\"dateModified\":\"2026-03-26T15:08:51+00:00\",\"breadcrumb\":{\"@id\":\"https:\/\/ujalkimia.hu\/akademia\/product\/belso-iskolai-levelezo-tagdij-havi-5-000-ft\/#breadcrumb\"},\"inLanguage\":\"hu\",\"potentialAction\":[{\"@type\":\"ReadAction\",\"target\":[\"https:\/\/ujalkimia.hu\/akademia\/product\/belso-iskolai-levelezo-tagdij-havi-5-000-ft\/\"]}]},{\"@type\":\"ImageObject\",\"inLanguage\":\"hu\",\"@id\":\"https:\/\/ujalkimia.hu\/akademia\/product\/belso-iskolai-levelezo-tagdij-havi-5-000-ft\/#primaryimage\",\"url\":\"https:\/\/ujalkimia.hu\/akademia\/wp-content\/uploads\/2024\/04\/subscribe-symbol-3abd2ce0dabf50a62fc1ead37b15ff3a-ok.jpg\",\"contentUrl\":\"https:\/\/ujalkimia.hu\/akademia\/wp-content\/uploads\/2024\/04\/subscribe-symbol-3abd2ce0dabf50a62fc1ead37b15ff3a-ok.jpg\",\"width\":648,\"height\":687,\"caption\":\"\u00dajalk\u00edmia\"},{\"@type\":\"BreadcrumbList\",\"@id\":\"https:\/\/ujalkimia.hu\/akademia\/product\/belso-iskolai-levelezo-tagdij-havi-5-000-ft\/#breadcrumb\",\"itemListElement\":[{\"@type\":\"ListItem\",\"position\":1,\"name\":\"Home\",\"item\":\"https:\/\/ujalkimia.hu\/akademia\/\"},{\"@type\":\"ListItem\",\"position\":2,\"name\":\"Itt tudod megv\u00e1s\u00e1rolni az Online k\u00e9pz\u00e9seket \u00e9s jelentkezni az \u00e9l\u0151 k\u00e9pz\u00e9sekre\",\"item\":\"https:\/\/ujalkimia.hu\/akademia\/online-kepzesek-es-eloadasok\/\"},{\"@type\":\"ListItem\",\"position\":3,\"name\":\"Bels\u0151 Iskolai LEVELEZ\u0150 TAGD\u00cdJ &#8211; havi 5.000 Ft\"}]},{\"@type\":\"WebSite\",\"@id\":\"https:\/\/ujalkimia.hu\/akademia\/#website\",\"url\":\"https:\/\/ujalkimia.hu\/akademia\/\",\"name\":\"\u00dajalk\u00edmia\",\"description\":\"\u00dajalk\u00edmia Iskola\",\"potentialAction\":[{\"@type\":\"SearchAction\",\"target\":{\"@type\":\"EntryPoint\",\"urlTemplate\":\"https:\/\/ujalkimia.hu\/akademia\/?s={search_term_string}\"},\"query-input\":{\"@type\":\"PropertyValueSpecification\",\"valueRequired\":true,\"valueName\":\"search_term_string\"}}],\"inLanguage\":\"hu\"}]}<\/script>\n<!-- \/ Yoast SEO plugin. -->","yoast_head_json":{"title":"Bels\u0151 Iskolai LEVELEZ\u0150 TAGD\u00cdJ - havi 5.000 Ft - \u00dajalk\u00edmia","robots":{"index":"noindex","follow":"follow","max-snippet":"max-snippet:-1","max-image-preview":"max-image-preview:large","max-video-preview":"max-video-preview:-1"},"og_locale":"hu_HU","og_type":"article","og_title":"Bels\u0151 Iskolai LEVELEZ\u0150 TAGD\u00cdJ - havi 5.000 Ft - \u00dajalk\u00edmia","og_description":"A levelez\u0151 tags\u00e1g havi tagd\u00edja 5.000 Ft\/h\u00f3.  Ez a d\u00edjbefizet\u00e9s kiz\u00e1r\u00f3lag az \u00dajalk\u00edmia Bels\u0151 Iskola tagjait \u00e9rinti.  K\u00e9rj\u00fck, ne fizesd be, ha m\u00e9g nem nyert\u00e9l felv\u00e9telt a Bels\u0151 Iskola levelez\u0151 tagjai k\u00f6z\u00e9.","og_url":"https:\/\/ujalkimia.hu\/akademia\/product\/belso-iskolai-levelezo-tagdij-havi-5-000-ft\/","og_site_name":"\u00dajalk\u00edmia","article_modified_time":"2026-03-26T15:08:51+00:00","og_image":[{"width":648,"height":687,"url":"https:\/\/ujalkimia.hu\/akademia\/wp-content\/uploads\/2024\/04\/subscribe-symbol-3abd2ce0dabf50a62fc1ead37b15ff3a-ok.jpg","type":"image\/jpeg"}],"twitter_card":"summary_large_image","twitter_misc":{"Becs\u00fclt olvas\u00e1si id\u0151":"3 perc"},"schema":{"@context":"https:\/\/schema.org","@graph":[{"@type":"WebPage","@id":"https:\/\/ujalkimia.hu\/akademia\/product\/belso-iskolai-levelezo-tagdij-havi-5-000-ft\/","url":"https:\/\/ujalkimia.hu\/akademia\/product\/belso-iskolai-levelezo-tagdij-havi-5-000-ft\/","name":"Bels\u0151 Iskolai LEVELEZ\u0150 TAGD\u00cdJ - havi 5.000 Ft - \u00dajalk\u00edmia","isPartOf":{"@id":"https:\/\/ujalkimia.hu\/akademia\/#website"},"primaryImageOfPage":{"@id":"https:\/\/ujalkimia.hu\/akademia\/product\/belso-iskolai-levelezo-tagdij-havi-5-000-ft\/#primaryimage"},"image":{"@id":"https:\/\/ujalkimia.hu\/akademia\/product\/belso-iskolai-levelezo-tagdij-havi-5-000-ft\/#primaryimage"},"thumbnailUrl":"https:\/\/ujalkimia.hu\/akademia\/wp-content\/uploads\/2024\/04\/subscribe-symbol-3abd2ce0dabf50a62fc1ead37b15ff3a-ok.jpg","datePublished":"2024-04-30T08:06:06+00:00","dateModified":"2026-03-26T15:08:51+00:00","breadcrumb":{"@id":"https:\/\/ujalkimia.hu\/akademia\/product\/belso-iskolai-levelezo-tagdij-havi-5-000-ft\/#breadcrumb"},"inLanguage":"hu","potentialAction":[{"@type":"ReadAction","target":["https:\/\/ujalkimia.hu\/akademia\/product\/belso-iskolai-levelezo-tagdij-havi-5-000-ft\/"]}]},{"@type":"ImageObject","inLanguage":"hu","@id":"https:\/\/ujalkimia.hu\/akademia\/product\/belso-iskolai-levelezo-tagdij-havi-5-000-ft\/#primaryimage","url":"https:\/\/ujalkimia.hu\/akademia\/wp-content\/uploads\/2024\/04\/subscribe-symbol-3abd2ce0dabf50a62fc1ead37b15ff3a-ok.jpg","contentUrl":"https:\/\/ujalkimia.hu\/akademia\/wp-content\/uploads\/2024\/04\/subscribe-symbol-3abd2ce0dabf50a62fc1ead37b15ff3a-ok.jpg","width":648,"height":687,"caption":"\u00dajalk\u00edmia"},{"@type":"BreadcrumbList","@id":"https:\/\/ujalkimia.hu\/akademia\/product\/belso-iskolai-levelezo-tagdij-havi-5-000-ft\/#breadcrumb","itemListElement":[{"@type":"ListItem","position":1,"name":"Home","item":"https:\/\/ujalkimia.hu\/akademia\/"},{"@type":"ListItem","position":2,"name":"Itt tudod megv\u00e1s\u00e1rolni az Online k\u00e9pz\u00e9seket \u00e9s jelentkezni az \u00e9l\u0151 k\u00e9pz\u00e9sekre","item":"https:\/\/ujalkimia.hu\/akademia\/online-kepzesek-es-eloadasok\/"},{"@type":"ListItem","position":3,"name":"Bels\u0151 Iskolai LEVELEZ\u0150 TAGD\u00cdJ &#8211; havi 5.000 Ft"}]},{"@type":"WebSite","@id":"https:\/\/ujalkimia.hu\/akademia\/#website","url":"https:\/\/ujalkimia.hu\/akademia\/","name":"\u00dajalk\u00edmia","description":"\u00dajalk\u00edmia Iskola","potentialAction":[{"@type":"SearchAction","target":{"@type":"EntryPoint","urlTemplate":"https:\/\/ujalkimia.hu\/akademia\/?s={search_term_string}"},"query-input":{"@type":"PropertyValueSpecification","valueRequired":true,"valueName":"search_term_string"}}],"inLanguage":"hu"}]}},"_links":{"self":[{"href":"https:\/\/ujalkimia.hu\/akademia\/wp-json\/wp\/v2\/product\/26035","targetHints":{"allow":["GET"]}}],"collection":[{"href":"https:\/\/ujalkimia.hu\/akademia\/wp-json\/wp\/v2\/product"}],"about":[{"href":"https:\/\/ujalkimia.hu\/akademia\/wp-json\/wp\/v2\/types\/product"}],"wp:featuredmedia":[{"embeddable":true,"href":"https:\/\/ujalkimia.hu\/akademia\/wp-json\/wp\/v2\/media\/26047"}],"wp:attachment":[{"href":"https:\/\/ujalkimia.hu\/akademia\/wp-json\/wp\/v2\/media?parent=26035"}],"wp:term":[{"taxonomy":"product_brand","embeddable":true,"href":"https:\/\/ujalkimia.hu\/akademia\/wp-json\/wp\/v2\/product_brand?post=26035"},{"taxonomy":"product_cat","embeddable":true,"href":"https:\/\/ujalkimia.hu\/akademia\/wp-json\/wp\/v2\/product_cat?post=26035"},{"taxonomy":"product_tag","embeddable":true,"href":"https:\/\/ujalkimia.hu\/akademia\/wp-json\/wp\/v2\/product_tag?post=26035"}],"curies":[{"name":"wp","href":"https:\/\/api.w.org\/{rel}","templated":true}]}}