{"id":31535,"date":"2025-12-29T14:00:51","date_gmt":"2025-12-29T13:00:51","guid":{"rendered":"https:\/\/ujalkimia.hu\/akademia\/?post_type=product&#038;p=31535"},"modified":"2026-03-26T15:15:59","modified_gmt":"2026-03-26T14:15:59","slug":"uj-venusz-kulcsok-a-szerelem-alkimiaja-elo-workshop","status":"publish","type":"product","link":"https:\/\/ujalkimia.hu\/akademia\/product\/uj-venusz-kulcsok-a-szerelem-alkimiaja-elo-workshop\/","title":{"rendered":"V\u00e9nusz Kulcsok &#8211; A szerelem alk\u00edmi\u00e1ja (\u00e9l\u0151 workshop)"},"content":{"rendered":"<div class=\"wpb-content-wrapper\"><p>[vc_row][vc_column][vc_column_text css=&#8221;&#8221;]<\/p>\n<h2><span style=\"color: #008080;\"><img fetchpriority=\"high\" decoding=\"async\" class=\"aligncenter size-full wp-image-32122\" src=\"https:\/\/ujalkimia.hu\/akademia\/wp-content\/uploads\/2026\/02\/2026vnuszlworkshop-ezgif-com-optimize-nagy1.gif\" alt=\"\" width=\"800\" height=\"594\" \/><\/span><\/h2>\n<h2><\/h2>\n<h3><span style=\"color: #008080;\">A szerelem nem hatalmi j\u00e1tszma, hanem egy szent t\u00e9r,<br \/>\nahol a l\u00e9lek \u00e1talakul\u00e1sa t\u00f6rt\u00e9nik.<\/span><\/h3>\n<h4><span style=\"color: #008080;\">Olyan k\u00e9pz\u00e9st alkottunk meg ebben a t\u00e9m\u00e1ban, ami nem csup\u00e1n teljesen \u00faj szeml\u00e9letet ad a szerelemr\u0151l, <\/span><span style=\"color: #008080;\">hanem intenz\u00edven \u00f6sszekapcsol\u00f3dik egy m\u00e9ly \u00f6nismereti munk\u00e1val is.<\/span><\/h4>\n<h4><span style=\"color: #008080;\">Ha a szerelmi \u00e9letedre ir\u00e1ny\u00edtod a figyelmed, hatalmas l\u00e9p\u00e9st tehetsz el\u0151re a lelki \u00e9s szellemi kibontakoz\u00e1sod \u00fatj\u00e1n is.<\/span><\/h4>\n<p>&nbsp;<\/p>\n<h3><span style=\"color: #808080;\">Oktat\u00f3: Egedi-Kov\u00e1cs Melinda<\/span><\/h3>\n<h3><\/h3>\n<p>[\/vc_column_text][vc_column_text css=&#8221;&#8221;]<\/p>\n<h2><span style=\"color: #008080;\"><strong><img decoding=\"async\" class=\"aligncenter wp-image-30335 size-full\" src=\"https:\/\/ujalkimia.hu\/wp-content\/uploads\/2024\/02\/20230507_150126_webmeret.jpg\" alt=\"\u00dajalk\u00edmia - Egedi-Kov\u00e1cs Melinda\" width=\"2560\" height=\"1196\" \/><\/strong><\/span><\/h2>\n<h3><\/h3>\n<h3><span style=\"color: #008080;\">Saj\u00e1t\u00edtsd el a szellemi alkimist\u00e1k tud\u00e1s\u00e1t a szerelemr\u0151l, hogy meg\u00e9ld azt,<br \/>\namit a lelked val\u00f3ban meg\u00e9rdemel.<\/span><\/h3>\n<p>[\/vc_column_text][vc_column_text css=&#8221;.vc_custom_1772725893986{background-color: #0769bf !important;}&#8221;]<\/p>\n<h1><\/h1>\n<p>&nbsp;<\/p>\n<h1 style=\"text-align: center;\"><span style=\"color: #00ccff;\"><strong><i class=\"fa fa-clock fa-lg \" ><\/i>\u00a0<\/strong><\/span><\/h1>\n<h3 style=\"text-align: center;\"><span style=\"color: #ffffff;\"><strong>Id\u0151pontja:<br \/>\n2026. janu\u00e1r 24.<br \/>\n<\/strong><\/span><\/h3>\n<p style=\"text-align: center;\"><span style=\"color: #ffffff;\">szombat 12-17 \u00f3r\u00e1ig<\/span><\/p>\n<p style=\"text-align: center;\"><span style=\"color: #ffffff;\"><strong>A jelentkez\u00e9s 01.22 cs\u00fct\u00f6rt\u00f6k este 20 \u00f3r\u00e1ig volt lehets\u00e9ges.<\/strong><\/span><\/p>\n<p>&nbsp;<\/p>\n<h3 style=\"text-align: center;\"><\/h3>\n<p>[\/vc_column_text][vc_column_text css=&#8221;.vc_custom_1772726057444{background-color: #039bb2 !important;}&#8221;]<\/p>\n<h1><\/h1>\n<p>&nbsp;<\/p>\n<h1 style=\"text-align: center;\"><span style=\"color: #00ccff;\"><strong><i class=\"fa fa-money-bill fa-lg \" ><\/i>\u00a0<\/strong><\/span><\/h1>\n<h3 style=\"text-align: center;\"><span style=\"color: #ffffff;\"><strong>R\u00e9szv\u00e9teli d\u00edj:<br \/>\n19.900 Ft<\/strong><\/span><\/h3>\n<h3 style=\"text-align: center;\"><span style=\"color: #ffffff;\">Ha befizetsz, mi t\u00f6rt\u00e9nik ut\u00e1na?<\/span><\/h3>\n<p style=\"text-align: center;\" align=\"center\"><span style=\"color: #ffffff;\">Ha jelentkezt\u00e9l \u00e9s kifizetted a k\u00e9pz\u00e9st,<\/span><br \/>\n<span style=\"color: #ffffff;\"><b>ezzel automatikusan felker\u00fclt\u00e9l a r\u00e9sztvev\u0151k list\u00e1j\u00e1ra.<\/b><\/span><br \/>\n<span style=\"color: #ffffff;\">(Nincs k\u00fcl\u00f6n jegy.)<\/span><\/p>\n<p style=\"text-align: center;\"><span style=\"color: #ffffff;\"><strong>A k\u00e9pz\u00e9ssel kapcsolatos hasznos tudnival\u00f3kr\u00f3l<\/strong><\/span><br \/>\n<span style=\"color: #ffffff;\">(helysz\u00edn, megk\u00f6zel\u00edt\u00e9s, eb\u00e9d lehet\u0151s\u00e9g, mit kell hozni stb.)<\/span><br \/>\n<span style=\"color: #ffffff;\">a kezd\u00e9s el\u0151tti h\u00e9ten e-mailben t\u00e1j\u00e9koztatunk.<\/span><\/p>\n<p>&nbsp;<\/p>\n<p>[\/vc_column_text][vc_column_text css=&#8221;.vc_custom_1767014743202{background-color: #039bb2 !important;}&#8221;]<\/p>\n<h1><\/h1>\n<p>&nbsp;<\/p>\n<h1 style=\"text-align: center;\"><span style=\"color: #00ffff;\"><strong><i class=\"fa fa-landmark fa-lg \" ><\/i>\u00a0<\/strong><\/span><\/h1>\n<h3 style=\"text-align: center;\"><span style=\"color: #ffffff;\"><strong>Helysz\u00edn:<br \/>\n<\/strong>Szeglet K\u00f6z\u00f6ss\u00e9gi T\u00e9r\u00a0<\/span><\/h3>\n<p style=\"text-align: center;\"><span style=\"color: #ffffff;\">1116 Budapest, Albertfalva utca 3\/A<\/span><br \/>\n<span style=\"color: #ffffff;\">(Jelentkez\u00e9s ut\u00e1n elk\u00fcldj\u00fck emailben, hogyan tudsz legk\u00f6nnyebben odajutni.)<\/span><\/p>\n<p>&nbsp;<\/p>\n<p>[\/vc_column_text][vc_column_text css=&#8221;.vc_custom_1767014765561{background-color: #0769bf !important;}&#8221;]<\/p>\n<h1 style=\"text-align: center;\"><\/h1>\n<p>&nbsp;<\/p>\n<h1 style=\"text-align: center;\"><span style=\"color: #00ccff;\"><strong><i class=\"fa fa-wifi fa-lg \" ><\/i>\u00a0<\/strong><\/span><\/h1>\n<h3 style=\"text-align: center;\" align=\"center\"><span style=\"color: #ffffff;\"><b>Nem tudsz szem\u00e9lyesen elj\u00f6nni?<\/b><\/span><\/h3>\n<p style=\"text-align: center;\" align=\"center\"><span style=\"color: #ffffff;\"><b>Lehet\u0151s\u00e9get biztos\u00edtunk arra,<br \/>\nhogy ezt a k\u00e9pz\u00e9st online \u00e9l\u0151 k\u00f6zvet\u00edt\u00e9ssel is el lehessen v\u00e9gezni.<br \/>\n<\/b><\/span><br \/>\n<span style=\"color: #ffffff;\">Mivel rendk\u00edv\u00fcli \u00e9lm\u00e9nyt ny\u00fajt, ha ott vagy szem\u00e9lyesen,<\/span><br \/>\n<span style=\"color: #ffffff;\">ez\u00e9rt azt javasoljuk, hogy csak abban az esetben v\u00e1laszd az online \u00e9l\u0151 k\u00f6zvet\u00edt\u00e9st,<\/span><br \/>\n<span style=\"color: #ffffff;\">ha k\u00fclf\u00f6ld\u00f6n \u00e9lsz vagy komoly fizikai akad\u00e1lya van a szem\u00e9lyes r\u00e9szv\u00e9telednek.<\/span><\/p>\n<p>&nbsp;<\/p>\n<h3 style=\"text-align: center;\"><span style=\"color: #ffffff;\"><strong>Tudnival\u00f3k az \u00e9l\u0151 k\u00f6zvet\u00edt\u00e9sr\u0151l:<\/strong><\/span><\/h3>\n<p style=\"text-align: center;\"><span style=\"color: #ffffff;\">Az \u00e9l\u0151 k\u00f6zvet\u00edt\u00e9st Zoom alkalmaz\u00e1ssal tartjuk meg.<\/span><\/p>\n<p style=\"text-align: center;\"><span style=\"color: #ffffff;\">Az el\u0151ad\u00e1sokat a k\u00f6zvet\u00edt\u00e9s sor\u00e1n meghallgathatod, <\/span><br \/>\n<span style=\"color: #ffffff;\">az Akad\u00e9mia Patr\u00f3nusai seg\u00edtenek ebben.<\/span><\/p>\n<p style=\"text-align: center;\"><span style=\"color: #ffffff;\">A gyakorlatokat chat-szob\u00e1kban v\u00e9gezheted az Akad\u00e9mia Seg\u00edt\u0151ivel.<\/span><\/p>\n<p style=\"text-align: center;\"><span style=\"color: #ffffff;\">A munkaf\u00fczetet e-mailben kapod meg.<\/span><\/p>\n<p style=\"text-align: center;\"><span style=\"color: #ffffff;\">Az Alkimista Laborgyakorlatokat linken megkapod, \u00edgy vel\u00fcnk \u00e9lheted \u00e1t.<\/span><\/p>\n<h3 style=\"text-align: center;\"><span style=\"color: #ffffff;\">\u00a0<\/span><br \/>\n<span style=\"color: #00ffff;\">Mit kell tenned, ha az \u00e9l\u0151 k\u00f6zvet\u00edt\u00e9st v\u00e1lasztod?<\/span><\/h3>\n<p style=\"text-align: center;\"><span style=\"color: #00ffff;\">V\u00e1s\u00e1rold meg a k\u00e9pz\u00e9st\u00a0<\/span><br \/>\n<span style=\"color: #00ffff;\">\u00e9s ut\u00e1na \u00edrj egy e-mailt az info@ujalkimia.hu c\u00edmre,<\/span><br \/>\n<span style=\"color: #00ffff;\">hogy k\u00f6zvet\u00edt\u00e9s form\u00e1j\u00e1ban k\u00edv\u00e1nsz r\u00e9szt venni.<\/span><\/p>\n<p>&nbsp;<\/p>\n<p>[\/vc_column_text][vc_column_text css=&#8221;.vc_custom_1767014789065{background-color: #19a895 !important;}&#8221;]<\/p>\n<h1><\/h1>\n<p>&nbsp;<\/p>\n<h1 style=\"text-align: center;\"><span style=\"color: #00ffff;\"><strong><i class=\"fa fa-graduation-cap fa-lg \" ><\/i>\u00a0<\/strong><\/span><\/h1>\n<h3 style=\"text-align: center;\"><span style=\"color: #ffffff;\"><strong>A jelentkez\u00e9s el\u0151felt\u00e9tele:<\/strong><\/span><\/h3>\n<p style=\"text-align: center;\"><span style=\"color: #ffffff;\">Mivel az ismeretek, amit tan\u00edtunk, egym\u00e1sra \u00e9p\u00fclnek,<\/span><br \/>\n<span style=\"color: #ffffff;\">annak \u00e9rdek\u00e9ben, hogy \u00e9rthet\u0151 legyen sz\u00e1modra a k\u00e9pz\u00e9s amire jelentkezel,<\/span><br \/>\n<span style=\"color: #ffffff;\">a r\u00e9szv\u00e9tel felt\u00e9tele az al\u00e1bbi k\u00e9pz\u00e9sek elv\u00e9gz\u00e9se:<\/span><br \/>\n<span style=\"color: #ffffff;\"><a style=\"color: #ffffff;\" href=\"https:\/\/ujalkimia.hu\/product\/belepes-az-ujalkimia-vilagaba-online-alapkepzes\/\"><em>Bel\u00e9p\u00e9s az \u00dajalk\u00edmia vil\u00e1g\u00e1ba\u00a0<\/em><\/a>online alapk\u00e9pz\u00e9s.<\/span><\/p>\n<p>&nbsp;<\/p>\n<p>[\/vc_column_text][vc_column_text css=&#8221;&#8221;]<\/p>\n<h3 style=\"text-align: center;\"><span style=\"color: #008080;\">A csoport l\u00e9tsz\u00e1ma 75 f\u0151<\/span><\/h3>\n<p style=\"text-align: center;\"><span style=\"color: #9c097c;\">\u00a0<\/span><span style=\"color: #8a1aa1;\">\u00a0<\/span><\/p>\n<p>[\/vc_column_text][vc_custom_heading text=&#8221;Facebookon megjelent kommentek<br \/>\naz \u00dajalk\u00edmia Akad\u00e9mi\u00e1r\u00f3l&#8221; font_container=&#8221;tag:h2|text_align:center&#8221; google_fonts=&#8221;font_family:Montserrat%3Aregular%2C700|font_style:700%20bold%20regular%3A700%3Anormal&#8221; css=&#8221;&#8221;][vc_empty_space height=&#8221;20px&#8221;][\/vc_column][\/vc_row][vc_row][vc_column][vc_separator][\/vc_column][\/vc_row][vc_row][vc_column][vc_column_text css=&#8221;&#8221;]<img decoding=\"async\" class=\"aligncenter wp-image-15704 size-full\" src=\"https:\/\/ujalkimia.hu\/wp-content\/uploads\/2021\/11\/alkimia_belepeshez_posztok_2021_jav2.jpg\" alt=\"\u00dajalk\u00edmia\" width=\"666\" height=\"2159\" srcset=\"https:\/\/ujalkimia.hu\/akademia\/wp-content\/uploads\/2021\/11\/alkimia_belepeshez_posztok_2021_jav2.jpg 666w, https:\/\/ujalkimia.hu\/akademia\/wp-content\/uploads\/2021\/11\/alkimia_belepeshez_posztok_2021_jav2-93x300.jpg 93w, https:\/\/ujalkimia.hu\/akademia\/wp-content\/uploads\/2021\/11\/alkimia_belepeshez_posztok_2021_jav2-316x1024.jpg 316w, https:\/\/ujalkimia.hu\/akademia\/wp-content\/uploads\/2021\/11\/alkimia_belepeshez_posztok_2021_jav2-474x1536.jpg 474w, https:\/\/ujalkimia.hu\/akademia\/wp-content\/uploads\/2021\/11\/alkimia_belepeshez_posztok_2021_jav2-632x2048.jpg 632w, https:\/\/ujalkimia.hu\/akademia\/wp-content\/uploads\/2021\/11\/alkimia_belepeshez_posztok_2021_jav2-600x1945.jpg 600w\" sizes=\"(max-width: 666px) 100vw, 666px\" \/><\/p>\n<p>[\/vc_column_text][\/vc_column][\/vc_row][vc_row][vc_column][\/vc_column][\/vc_row]<\/p>\n<\/div>","protected":false},"excerpt":{"rendered":"<p>\ud83d\udc9d Saj\u00e1t\u00edtsd el a szellemi alkimist\u00e1k tud\u00e1s\u00e1t a szerelemr\u0151l, hogy meg\u00e9ld azt, amit a lelked val\u00f3ban meg\u00e9rdemel.<\/p>\n","protected":false},"featured_media":32119,"template":"","meta":[],"product_brand":[],"product_cat":[96],"product_tag":[],"class_list":{"0":"post-31535","1":"product","2":"type-product","3":"status-publish","4":"has-post-thumbnail","6":"product_cat-uncategorized","8":"first","9":"outofstock","10":"virtual","11":"sold-individually","12":"taxable","13":"purchasable","14":"product-type-simple"},"bundled_by":[],"bundle_stock_status":"outofstock","bundle_stock_quantity":null,"bundle_virtual":false,"bundle_layout":"","bundle_add_to_cart_form_location":"","bundle_editable_in_cart":false,"bundle_sold_individually_context":"","bundle_item_grouping":"","bundle_min_size":"","bundle_max_size":"","bundle_price":[],"bundled_items":[],"bundle_sell_ids":[],"yoast_head":"<!-- This site is optimized with the Yoast SEO plugin v27.0 - https:\/\/yoast.com\/product\/yoast-seo-wordpress\/ -->\n<title>V\u00e9nusz Kulcsok - A szerelem alk\u00edmi\u00e1ja (\u00e9l\u0151 workshop) - \u00dajalk\u00edmia<\/title>\n<meta name=\"description\" content=\"Az \u00dajalk\u00edmia felfedi, alkalmazhat\u00f3v\u00e1 teszi az alkimist\u00e1k rejt\u00e9lyes szimb\u00f3lumokba k\u00f3dolt transzcendens tud\u00e1s\u00e1t. Alap\u00edt\u00f3 Egedi-Kov\u00e1cs Melinda.\" \/>\n<meta name=\"robots\" content=\"noindex, follow, max-snippet:-1, max-image-preview:large, max-video-preview:-1\" \/>\n<meta property=\"og:locale\" content=\"hu_HU\" \/>\n<meta property=\"og:type\" content=\"article\" \/>\n<meta property=\"og:title\" content=\"V\u00e9nusz Kulcsok - A szerelem alk\u00edmi\u00e1ja (\u00e9l\u0151 workshop)\" \/>\n<meta property=\"og:description\" content=\"M\u00e1r lehet jelentkezni! Az \u00dajalk\u00edmia felfedi, alkalmazhat\u00f3v\u00e1 teszi az alkimist\u00e1k rejt\u00e9lyes szimb\u00f3lumokba k\u00f3dolt transzcendens tud\u00e1s\u00e1t. Alap\u00edt\u00f3 Egedi-Kov\u00e1cs Melinda.\" \/>\n<meta property=\"og:url\" content=\"https:\/\/ujalkimia.hu\/akademia\/product\/uj-venusz-kulcsok-a-szerelem-alkimiaja-elo-workshop\/\" \/>\n<meta property=\"og:site_name\" content=\"\u00dajalk\u00edmia\" \/>\n<meta property=\"article:modified_time\" content=\"2026-03-26T14:15:59+00:00\" \/>\n<meta property=\"og:image\" content=\"https:\/\/ujalkimia.hu\/akademia\/wp-content\/uploads\/2026\/02\/2026vnuszlworkshop-ezgif-com-resize-kicsi1.gif\" \/>\n\t<meta property=\"og:image:width\" content=\"300\" \/>\n\t<meta property=\"og:image:height\" content=\"225\" \/>\n\t<meta property=\"og:image:type\" content=\"image\/gif\" \/>\n<meta name=\"twitter:card\" content=\"summary_large_image\" \/>\n<meta name=\"twitter:label1\" content=\"Becs\u00fclt olvas\u00e1si id\u0151\" \/>\n\t<meta name=\"twitter:data1\" content=\"3 perc\" \/>\n<script type=\"application\/ld+json\" class=\"yoast-schema-graph\">{\"@context\":\"https:\/\/schema.org\",\"@graph\":[{\"@type\":\"WebPage\",\"@id\":\"https:\/\/ujalkimia.hu\/akademia\/product\/uj-venusz-kulcsok-a-szerelem-alkimiaja-elo-workshop\/\",\"url\":\"https:\/\/ujalkimia.hu\/akademia\/product\/uj-venusz-kulcsok-a-szerelem-alkimiaja-elo-workshop\/\",\"name\":\"V\u00e9nusz Kulcsok - A szerelem alk\u00edmi\u00e1ja (\u00e9l\u0151 workshop) - \u00dajalk\u00edmia\",\"isPartOf\":{\"@id\":\"https:\/\/ujalkimia.hu\/akademia\/#website\"},\"primaryImageOfPage\":{\"@id\":\"https:\/\/ujalkimia.hu\/akademia\/product\/uj-venusz-kulcsok-a-szerelem-alkimiaja-elo-workshop\/#primaryimage\"},\"image\":{\"@id\":\"https:\/\/ujalkimia.hu\/akademia\/product\/uj-venusz-kulcsok-a-szerelem-alkimiaja-elo-workshop\/#primaryimage\"},\"thumbnailUrl\":\"https:\/\/ujalkimia.hu\/akademia\/wp-content\/uploads\/2026\/02\/2026vnuszlworkshop-ezgif-com-resize-kicsi1.gif\",\"datePublished\":\"2025-12-29T13:00:51+00:00\",\"dateModified\":\"2026-03-26T14:15:59+00:00\",\"description\":\"Az \u00dajalk\u00edmia felfedi, alkalmazhat\u00f3v\u00e1 teszi az alkimist\u00e1k rejt\u00e9lyes szimb\u00f3lumokba k\u00f3dolt transzcendens tud\u00e1s\u00e1t. Alap\u00edt\u00f3 Egedi-Kov\u00e1cs Melinda.\",\"breadcrumb\":{\"@id\":\"https:\/\/ujalkimia.hu\/akademia\/product\/uj-venusz-kulcsok-a-szerelem-alkimiaja-elo-workshop\/#breadcrumb\"},\"inLanguage\":\"hu\",\"potentialAction\":[{\"@type\":\"ReadAction\",\"target\":[\"https:\/\/ujalkimia.hu\/akademia\/product\/uj-venusz-kulcsok-a-szerelem-alkimiaja-elo-workshop\/\"]}]},{\"@type\":\"ImageObject\",\"inLanguage\":\"hu\",\"@id\":\"https:\/\/ujalkimia.hu\/akademia\/product\/uj-venusz-kulcsok-a-szerelem-alkimiaja-elo-workshop\/#primaryimage\",\"url\":\"https:\/\/ujalkimia.hu\/akademia\/wp-content\/uploads\/2026\/02\/2026vnuszlworkshop-ezgif-com-resize-kicsi1.gif\",\"contentUrl\":\"https:\/\/ujalkimia.hu\/akademia\/wp-content\/uploads\/2026\/02\/2026vnuszlworkshop-ezgif-com-resize-kicsi1.gif\",\"width\":300,\"height\":225},{\"@type\":\"BreadcrumbList\",\"@id\":\"https:\/\/ujalkimia.hu\/akademia\/product\/uj-venusz-kulcsok-a-szerelem-alkimiaja-elo-workshop\/#breadcrumb\",\"itemListElement\":[{\"@type\":\"ListItem\",\"position\":1,\"name\":\"Home\",\"item\":\"https:\/\/ujalkimia.hu\/akademia\/\"},{\"@type\":\"ListItem\",\"position\":2,\"name\":\"Itt tudod megv\u00e1s\u00e1rolni az Online k\u00e9pz\u00e9seket \u00e9s jelentkezni az \u00e9l\u0151 k\u00e9pz\u00e9sekre\",\"item\":\"https:\/\/ujalkimia.hu\/akademia\/online-kepzesek-es-eloadasok\/\"},{\"@type\":\"ListItem\",\"position\":3,\"name\":\"V\u00e9nusz Kulcsok &#8211; A szerelem alk\u00edmi\u00e1ja (\u00e9l\u0151 workshop)\"}]},{\"@type\":\"WebSite\",\"@id\":\"https:\/\/ujalkimia.hu\/akademia\/#website\",\"url\":\"https:\/\/ujalkimia.hu\/akademia\/\",\"name\":\"\u00dajalk\u00edmia\",\"description\":\"\u00dajalk\u00edmia Iskola\",\"potentialAction\":[{\"@type\":\"SearchAction\",\"target\":{\"@type\":\"EntryPoint\",\"urlTemplate\":\"https:\/\/ujalkimia.hu\/akademia\/?s={search_term_string}\"},\"query-input\":{\"@type\":\"PropertyValueSpecification\",\"valueRequired\":true,\"valueName\":\"search_term_string\"}}],\"inLanguage\":\"hu\"}]}<\/script>\n<!-- \/ Yoast SEO plugin. -->","yoast_head_json":{"title":"V\u00e9nusz Kulcsok - A szerelem alk\u00edmi\u00e1ja (\u00e9l\u0151 workshop) - \u00dajalk\u00edmia","description":"Az \u00dajalk\u00edmia felfedi, alkalmazhat\u00f3v\u00e1 teszi az alkimist\u00e1k rejt\u00e9lyes szimb\u00f3lumokba k\u00f3dolt transzcendens tud\u00e1s\u00e1t. Alap\u00edt\u00f3 Egedi-Kov\u00e1cs Melinda.","robots":{"index":"noindex","follow":"follow","max-snippet":"max-snippet:-1","max-image-preview":"max-image-preview:large","max-video-preview":"max-video-preview:-1"},"og_locale":"hu_HU","og_type":"article","og_title":"V\u00e9nusz Kulcsok - A szerelem alk\u00edmi\u00e1ja (\u00e9l\u0151 workshop)","og_description":"M\u00e1r lehet jelentkezni! Az \u00dajalk\u00edmia felfedi, alkalmazhat\u00f3v\u00e1 teszi az alkimist\u00e1k rejt\u00e9lyes szimb\u00f3lumokba k\u00f3dolt transzcendens tud\u00e1s\u00e1t. Alap\u00edt\u00f3 Egedi-Kov\u00e1cs Melinda.","og_url":"https:\/\/ujalkimia.hu\/akademia\/product\/uj-venusz-kulcsok-a-szerelem-alkimiaja-elo-workshop\/","og_site_name":"\u00dajalk\u00edmia","article_modified_time":"2026-03-26T14:15:59+00:00","og_image":[{"width":300,"height":225,"url":"https:\/\/ujalkimia.hu\/akademia\/wp-content\/uploads\/2026\/02\/2026vnuszlworkshop-ezgif-com-resize-kicsi1.gif","type":"image\/gif"}],"twitter_card":"summary_large_image","twitter_misc":{"Becs\u00fclt olvas\u00e1si id\u0151":"3 perc"},"schema":{"@context":"https:\/\/schema.org","@graph":[{"@type":"WebPage","@id":"https:\/\/ujalkimia.hu\/akademia\/product\/uj-venusz-kulcsok-a-szerelem-alkimiaja-elo-workshop\/","url":"https:\/\/ujalkimia.hu\/akademia\/product\/uj-venusz-kulcsok-a-szerelem-alkimiaja-elo-workshop\/","name":"V\u00e9nusz Kulcsok - A szerelem alk\u00edmi\u00e1ja (\u00e9l\u0151 workshop) - \u00dajalk\u00edmia","isPartOf":{"@id":"https:\/\/ujalkimia.hu\/akademia\/#website"},"primaryImageOfPage":{"@id":"https:\/\/ujalkimia.hu\/akademia\/product\/uj-venusz-kulcsok-a-szerelem-alkimiaja-elo-workshop\/#primaryimage"},"image":{"@id":"https:\/\/ujalkimia.hu\/akademia\/product\/uj-venusz-kulcsok-a-szerelem-alkimiaja-elo-workshop\/#primaryimage"},"thumbnailUrl":"https:\/\/ujalkimia.hu\/akademia\/wp-content\/uploads\/2026\/02\/2026vnuszlworkshop-ezgif-com-resize-kicsi1.gif","datePublished":"2025-12-29T13:00:51+00:00","dateModified":"2026-03-26T14:15:59+00:00","description":"Az \u00dajalk\u00edmia felfedi, alkalmazhat\u00f3v\u00e1 teszi az alkimist\u00e1k rejt\u00e9lyes szimb\u00f3lumokba k\u00f3dolt transzcendens tud\u00e1s\u00e1t. Alap\u00edt\u00f3 Egedi-Kov\u00e1cs Melinda.","breadcrumb":{"@id":"https:\/\/ujalkimia.hu\/akademia\/product\/uj-venusz-kulcsok-a-szerelem-alkimiaja-elo-workshop\/#breadcrumb"},"inLanguage":"hu","potentialAction":[{"@type":"ReadAction","target":["https:\/\/ujalkimia.hu\/akademia\/product\/uj-venusz-kulcsok-a-szerelem-alkimiaja-elo-workshop\/"]}]},{"@type":"ImageObject","inLanguage":"hu","@id":"https:\/\/ujalkimia.hu\/akademia\/product\/uj-venusz-kulcsok-a-szerelem-alkimiaja-elo-workshop\/#primaryimage","url":"https:\/\/ujalkimia.hu\/akademia\/wp-content\/uploads\/2026\/02\/2026vnuszlworkshop-ezgif-com-resize-kicsi1.gif","contentUrl":"https:\/\/ujalkimia.hu\/akademia\/wp-content\/uploads\/2026\/02\/2026vnuszlworkshop-ezgif-com-resize-kicsi1.gif","width":300,"height":225},{"@type":"BreadcrumbList","@id":"https:\/\/ujalkimia.hu\/akademia\/product\/uj-venusz-kulcsok-a-szerelem-alkimiaja-elo-workshop\/#breadcrumb","itemListElement":[{"@type":"ListItem","position":1,"name":"Home","item":"https:\/\/ujalkimia.hu\/akademia\/"},{"@type":"ListItem","position":2,"name":"Itt tudod megv\u00e1s\u00e1rolni az Online k\u00e9pz\u00e9seket \u00e9s jelentkezni az \u00e9l\u0151 k\u00e9pz\u00e9sekre","item":"https:\/\/ujalkimia.hu\/akademia\/online-kepzesek-es-eloadasok\/"},{"@type":"ListItem","position":3,"name":"V\u00e9nusz Kulcsok &#8211; A szerelem alk\u00edmi\u00e1ja (\u00e9l\u0151 workshop)"}]},{"@type":"WebSite","@id":"https:\/\/ujalkimia.hu\/akademia\/#website","url":"https:\/\/ujalkimia.hu\/akademia\/","name":"\u00dajalk\u00edmia","description":"\u00dajalk\u00edmia Iskola","potentialAction":[{"@type":"SearchAction","target":{"@type":"EntryPoint","urlTemplate":"https:\/\/ujalkimia.hu\/akademia\/?s={search_term_string}"},"query-input":{"@type":"PropertyValueSpecification","valueRequired":true,"valueName":"search_term_string"}}],"inLanguage":"hu"}]}},"_links":{"self":[{"href":"https:\/\/ujalkimia.hu\/akademia\/wp-json\/wp\/v2\/product\/31535","targetHints":{"allow":["GET"]}}],"collection":[{"href":"https:\/\/ujalkimia.hu\/akademia\/wp-json\/wp\/v2\/product"}],"about":[{"href":"https:\/\/ujalkimia.hu\/akademia\/wp-json\/wp\/v2\/types\/product"}],"wp:featuredmedia":[{"embeddable":true,"href":"https:\/\/ujalkimia.hu\/akademia\/wp-json\/wp\/v2\/media\/32119"}],"wp:attachment":[{"href":"https:\/\/ujalkimia.hu\/akademia\/wp-json\/wp\/v2\/media?parent=31535"}],"wp:term":[{"taxonomy":"product_brand","embeddable":true,"href":"https:\/\/ujalkimia.hu\/akademia\/wp-json\/wp\/v2\/product_brand?post=31535"},{"taxonomy":"product_cat","embeddable":true,"href":"https:\/\/ujalkimia.hu\/akademia\/wp-json\/wp\/v2\/product_cat?post=31535"},{"taxonomy":"product_tag","embeddable":true,"href":"https:\/\/ujalkimia.hu\/akademia\/wp-json\/wp\/v2\/product_tag?post=31535"}],"curies":[{"name":"wp","href":"https:\/\/api.w.org\/{rel}","templated":true}]}}