{"id":31547,"date":"2025-12-29T14:52:04","date_gmt":"2025-12-29T13:52:04","guid":{"rendered":"https:\/\/ujalkimia.hu\/akademia\/?post_type=product&#038;p=31547"},"modified":"2026-03-26T15:16:46","modified_gmt":"2026-03-26T14:16:46","slug":"uj-2-havi-reszletfizetessel-kapcsolatok-gyogyitasa-webszeminarium","status":"publish","type":"product","link":"https:\/\/ujalkimia.hu\/akademia\/product\/uj-2-havi-reszletfizetessel-kapcsolatok-gyogyitasa-webszeminarium\/","title":{"rendered":"2 havi r\u00e9szletfizet\u00e9ssel: Kapcsolatok gy\u00f3gy\u00edt\u00e1sa (webszemin\u00e1rium)"},"content":{"rendered":"<div class=\"wpb-content-wrapper\"><p>[vc_row][vc_column][vc_column_text css=&#8221;&#8221;]<\/p>\n<h4><span style=\"color: #008080;\"><strong>Ez a 6 alkalmas webszemin\u00e1rium arra ny\u00fajt lehet\u0151s\u00e9get, hogy intenz\u00edv egy\u00e9ni alkimista munk\u00e1ban rendezd az emberi kapcsolataidat \u2013 <\/strong><strong>legyen sz\u00f3 ak\u00e1r a p\u00e1rkapcsolatodr\u00f3l, ak\u00e1r a gyermekedhez, a sz\u00fcleidhez vagy m\u00e1s, hozz\u00e1d k\u00f6zel\u00e1ll\u00f3khoz f\u0171z\u0151d\u0151 viszonyaidr\u00f3l.<\/strong><\/span><\/h4>\n<p>&nbsp;<\/p>\n<h4><span style=\"color: #999999;\"><strong>Oktat\u00f3k Egedi-Kov\u00e1cs Melinda alap\u00edt\u00f3 \u00e9s Val\u00f3 Judit patr\u00f3nus mester<\/strong><\/span><\/h4>\n<p><img fetchpriority=\"high\" decoding=\"async\" class=\"alignnone size-large wp-image-42851\" src=\"https:\/\/ujalkimia.hu\/wp-content\/uploads\/2025\/12\/melinda-es-arsinoe-2-1024x373.jpg\" alt=\"\u00dajalk\u00edmia\" width=\"1024\" height=\"373\" \/>[\/vc_column_text][vc_column_text css=&#8221;&#8221;]<\/p>\n<h3 style=\"text-align: center;\"><span class=\"html-span xdj266r x14z9mp xat24cr x1lziwak xexx8yu xyri2b x18d9i69 x1c1uobl x1hl2dhg x16tdsg8 x1vvkbs x4k7w5x x1h91t0o x1h9r5lt x1jfb8zj xv2umb2 x1beo9mf xaigb6o x12ejxvf x3igimt xarpa2k xedcshv x1lytzrv x1t2pt76 x7ja8zs x1qrby5j\" style=\"color: #008080;\"><span class=\"x193iq5w xeuugli x13faqbe x1vvkbs x1xmvt09 x1lliihq x1s928wv xhkezso x1gmr53x x1cpjm7i x1fgarty x1943h6x xudqn12 x3x7a5m x6prxxf xvq8zen xo1l8bm x14ctfv\" dir=\"auto\">Ha m\u00e9g nem n\u00e9zted meg, mir\u0151l sz\u00f3lnak ezek a k\u00e9pz\u00e9sek<br \/>\n\u00e9s \u00e9rdekel m\u00e9lys\u00e9g\u00e9ben is,<br \/>\nkattints az al\u00e1bbi gombra \u00e9s mindent megtudhatsz r\u00f3luk.<\/span><\/span><\/h3>\n<p>[\/vc_column_text][vc_btn title=&#8221;Megn\u00e9zem, mir\u0151l sz\u00f3l ez a k\u00e9pz\u00e9s t\u00e9mak\u00f6r&#8221; color=&#8221;turquoise&#8221; size=&#8221;lg&#8221; align=&#8221;center&#8221; i_icon_fontawesome=&#8221;fas fa-chalkboard-teacher&#8221; css=&#8221;&#8221; add_icon=&#8221;true&#8221; link=&#8221;url:https%3A%2F%2Fujalkimia.hu%2Fkama-az-emberi-kapcsolatok-alkimiaja-2%2F&#8221;][vc_empty_space][vc_custom_heading text=&#8221;Minden, amit tudni kell err\u0151l a k\u00e9pz\u00e9sr\u0151l&#8221; font_container=&#8221;tag:h2|text_align:center&#8221; google_fonts=&#8221;font_family:Montserrat%3Aregular%2C700|font_style:700%20bold%20regular%3A700%3Anormal&#8221; css=&#8221;&#8221;][vc_column_text css=&#8221;.vc_custom_1770821202859{background-color: #0769bf !important;}&#8221;]<\/p>\n<h1><\/h1>\n<p>&nbsp;<\/p>\n<h1 style=\"text-align: center;\"><span style=\"color: #00ffff;\"><strong><i class=\"fa fa-graduation-cap fa-lg \" ><\/i>\u00a0<\/strong><\/span><\/h1>\n<h3 style=\"text-align: center;\"><span style=\"color: #ffffff;\">\ud83d\udce2 A k\u00e9pz\u00e9s el\u0151felt\u00e9tele:<\/span><\/h3>\n<h3 style=\"text-align: center;\"><span style=\"color: #ffffff;\">Bel\u00e9p\u00e9s az \u00dajalk\u00edmia vil\u00e1g\u00e1ba online alapk\u00e9pz\u00e9s<\/span><\/h3>\n<p>&nbsp;<\/p>\n<p>&nbsp;<\/p>\n<h1 style=\"text-align: center;\"><span style=\"color: #00ccff;\"><strong><i class=\"fa fa-clock fa-lg \" ><\/i>\u00a0<\/strong><\/span><\/h1>\n<h3 style=\"text-align: center;\"><span style=\"color: #ffffff;\"><strong>A 6 alkalom id\u0151pontjai:<br \/>\n<\/strong>SZERVEZ\u00c9S ALATT<\/span><\/h3>\n<p style=\"text-align: center;\"><span style=\"color: #ffffff;\">(keddi napokon\u00a0 18-21 \u00f3r\u00e1ig)<\/span><\/p>\n<p>&nbsp;<\/p>\n<h1 style=\"text-align: center;\"><span style=\"color: #00ffff;\"><strong><i class=\"fa fa-wifi fa-lg \" ><\/i>\u00a0<\/strong><\/span><\/h1>\n<h3 style=\"text-align: center;\"><span style=\"color: #ffffff;\">Milyen form\u00e1ban zajlik a k\u00e9pz\u00e9s?<\/span><\/h3>\n<p style=\"text-align: center;\"><span style=\"color: #ffffff;\"><strong><span style=\"color: #ffffff;\">A Zoom alkalmaz\u00e1s seg\u00edts\u00e9g\u00e9vel<\/span><br \/>\ninterakt\u00edv m\u00f3don meg tudod hallgatni az el\u0151ad\u00e1sokat,<\/strong><\/span><br \/>\n<span style=\"color: #ffffff;\"><strong>\u00e9s 2-3 szem\u00e9lyes chat-szob\u00e1kban v\u00e9gezz\u00fck a gyakorlatokat.<\/strong><\/span><\/p>\n<p style=\"text-align: center;\"><span style=\"color: #ffffff;\">A bekapcsol\u00f3d\u00e1si linket a k\u00e9pz\u00e9si napon a kezd\u00e9s el\u0151tt 15 perccel\u00a0<\/span><br \/>\n<span style=\"color: #ffffff;\">kik\u00fcldj\u00fck arra az e-mail c\u00edmre, amelyet a v\u00e1s\u00e1rl\u00e1skor megadsz.<\/span><\/p>\n<p>[\/vc_column_text][vc_column_text css=&#8221;.vc_custom_1770803618615{background-color: #19a895 !important;}&#8221;]<\/p>\n<h1><\/h1>\n<p>&nbsp;<\/p>\n<h1 style=\"text-align: center;\"><span style=\"color: #00ccff;\"><strong><i class=\"fa fa-money-bill fa-lg \" ><\/i>\u00a0<\/strong><\/span><\/h1>\n<h3 style=\"text-align: center;\"><span style=\"color: #ffffff;\"><strong>R\u00e9szv\u00e9teli d\u00edj<br \/>\na teljes, 6 alkalmas szemin\u00e1riumra:<br \/>\n<\/strong><strong>59.000 Ft<\/strong><\/span><\/h3>\n<h3 style=\"text-align: center;\"><span style=\"color: #ffffff;\"><strong>A k\u00e9pz\u00e9s 59.000 Ft-os d\u00edj\u00e1nak<br \/>\n2 r\u00e9szletben t\u00f6rt\u00e9n\u0151 fizet\u00e9se a k\u00f6vetkez\u0151k\u00e9ppen alakul:<\/strong><\/span><\/h3>\n<p style=\"text-align: center;\"><span style=\"color: #ffffff;\"><strong>Az els\u0151 r\u00e9szletet, 29.500 Ft-ot akkor fogja levonni a k\u00e1rty\u00e1dr\u00f3l a rendszer,<br \/>\nha lejjebb r\u00e1kattintasz a K\u00c9REM R\u00c9SZLETFIZET\u00c9SSEL gombra.\u00a0<\/strong><\/span><br \/>\n<span style=\"color: #ffffff;\"><strong>A m\u00e1sodik r\u00e9szletet, 29.500 Ft-ot a k\u00f6vetkez\u0151 h\u00f3nap 11-\u00e9n<br \/>\nfogja levonni a rendszer automatikusan, majd le\u00e1ll.<\/strong><\/span><\/p>\n<h3 style=\"text-align: center;\"><span style=\"color: #00ffff;\">FIGYELEM!<\/span><br \/>\n<span style=\"color: #00ffff;\">a v\u00e1s\u00e1rl\u00e1s az aktu\u00e1lis h\u00f3nap 12. napja ut\u00e1n t\u00f6rt\u00e9njen,<\/span><br \/>\n<span style=\"color: #00ffff;\">k\u00fcl\u00f6nben a m\u00e1sodik r\u00e9szletet is ugyanabban a h\u00f3napban fogja levonni.\u00a0<\/span><\/h3>\n<h3 style=\"text-align: center;\"><span style=\"color: #ffffff;\"><strong>Ism\u00e9tl\u0151knek 40.000 Ft<\/strong><\/span><\/h3>\n<p style=\"text-align: center;\"><span style=\"color: #ffffff;\">(Az ism\u00e9tl\u0151i kupont b\u00e1rmikor be lehet v\u00e1ltani.)<\/span><\/p>\n<p>[\/vc_column_text][vc_column_text css=&#8221;&#8221;]<\/p>\n<p style=\"text-align: center;\"><span style=\"color: #008080;\"><strong>FIGYELEM!\u00a0<\/strong><\/span><br \/>\n<span style=\"color: #008080;\"><strong>A v\u00e1s\u00e1rl\u00e1s az aktu\u00e1lis h\u00f3napod 12. napja ut\u00e1n t\u00f6rt\u00e9njen,<\/strong><\/span><br \/>\n<span style=\"color: #008080;\"><strong>k\u00fcl\u00f6nben a m\u00e1sodik r\u00e9szletet is ugyanabban a h\u00f3napban fogja levonni.<\/strong><\/span><\/p>\n<p style=\"text-align: center;\">\u00a0<\/p>\n<p>[\/vc_column_text][\/vc_column][\/vc_row]<\/p>\n<\/div>","protected":false},"excerpt":{"rendered":"<p>A val\u00f3s\u00e1god te alak\u00edthatod &#8211; a legrem\u00e9nytelenebb kapcsolaton is lehet jav\u00edtani. Strat\u00e9gi\u00e1k, egy\u00e9ni munka, misztikus technik\u00e1kkal \u00f6tv\u00f6zve.<\/p>\n","protected":false},"featured_media":32113,"template":"","meta":[],"product_brand":[],"product_cat":[96],"product_tag":[],"class_list":{"0":"post-31547","1":"product","2":"type-product","3":"status-publish","4":"has-post-thumbnail","6":"product_cat-uncategorized","8":"first","9":"outofstock","10":"virtual","11":"sold-individually","12":"taxable","13":"purchasable","14":"product-type-subscription"},"bundled_by":[],"bundle_stock_status":"outofstock","bundle_stock_quantity":null,"bundle_virtual":false,"bundle_layout":"","bundle_add_to_cart_form_location":"","bundle_editable_in_cart":false,"bundle_sold_individually_context":"","bundle_item_grouping":"","bundle_min_size":"","bundle_max_size":"","bundle_price":[],"bundled_items":[],"bundle_sell_ids":[],"yoast_head":"<!-- This site is optimized with the Yoast SEO plugin v27.0 - https:\/\/yoast.com\/product\/yoast-seo-wordpress\/ -->\n<title>2 havi r\u00e9szletfizet\u00e9ssel: Kapcsolatok gy\u00f3gy\u00edt\u00e1sa (webszemin\u00e1rium) - \u00dajalk\u00edmia<\/title>\n<meta name=\"description\" content=\"Az \u00dajalk\u00edmia felfedi, alkalmazhat\u00f3v\u00e1 teszi az alkimist\u00e1k rejt\u00e9lyes szimb\u00f3lumokba k\u00f3dolt transzcendens tud\u00e1s\u00e1t. Alap\u00edt\u00f3 Egedi-Kov\u00e1cs Melinda.\" \/>\n<meta name=\"robots\" content=\"noindex, follow, max-snippet:-1, max-image-preview:large, max-video-preview:-1\" \/>\n<meta property=\"og:locale\" content=\"hu_HU\" \/>\n<meta property=\"og:type\" content=\"article\" \/>\n<meta property=\"og:title\" content=\"Kapcsolatok gy\u00f3gy\u00edt\u00e1sa webszemin\u00e1rium\" \/>\n<meta property=\"og:description\" content=\"Az \u00dajalk\u00edmia felfedi \u00e9s a mai ember sz\u00e1m\u00e1ra alkalmazhat\u00f3v\u00e1 teszi az alkimist\u00e1k rejt\u00e9lyes szimb\u00f3lumokba k\u00f3dolt titkos, transzcendens tud\u00e1s\u00e1t. Alap\u00edt\u00f3 Egedi-Kov\u00e1cs Melinda. \u00d6nfejleszt\u0151 m\u00f3dszer, ezoterikus, spiritu\u00e1lis k\u00e9pz\u00e9sek, misztika, medit\u00e1ci\u00f3, k\u00f6z\u00f6ss\u00e9g.\" \/>\n<meta property=\"og:url\" content=\"https:\/\/ujalkimia.hu\/akademia\/product\/uj-2-havi-reszletfizetessel-kapcsolatok-gyogyitasa-webszeminarium\/\" \/>\n<meta property=\"og:site_name\" content=\"\u00dajalk\u00edmia\" \/>\n<meta property=\"article:modified_time\" content=\"2026-03-26T14:16:46+00:00\" \/>\n<meta property=\"og:image\" content=\"https:\/\/ujalkimia.hu\/akademia\/wp-content\/uploads\/2026\/02\/2026kapcsolatokgygytsawebszeminrium2havi-ezgif-com-resize-kicsi.gif\" \/>\n\t<meta property=\"og:image:width\" content=\"300\" \/>\n\t<meta property=\"og:image:height\" content=\"225\" \/>\n\t<meta property=\"og:image:type\" content=\"image\/gif\" \/>\n<meta name=\"twitter:card\" content=\"summary_large_image\" \/>\n<meta name=\"twitter:label1\" content=\"Becs\u00fclt olvas\u00e1si id\u0151\" \/>\n\t<meta name=\"twitter:data1\" content=\"2 perc\" \/>\n<script type=\"application\/ld+json\" class=\"yoast-schema-graph\">{\"@context\":\"https:\/\/schema.org\",\"@graph\":[{\"@type\":\"WebPage\",\"@id\":\"https:\/\/ujalkimia.hu\/akademia\/product\/uj-2-havi-reszletfizetessel-kapcsolatok-gyogyitasa-webszeminarium\/\",\"url\":\"https:\/\/ujalkimia.hu\/akademia\/product\/uj-2-havi-reszletfizetessel-kapcsolatok-gyogyitasa-webszeminarium\/\",\"name\":\"2 havi r\u00e9szletfizet\u00e9ssel: Kapcsolatok gy\u00f3gy\u00edt\u00e1sa (webszemin\u00e1rium) - \u00dajalk\u00edmia\",\"isPartOf\":{\"@id\":\"https:\/\/ujalkimia.hu\/akademia\/#website\"},\"primaryImageOfPage\":{\"@id\":\"https:\/\/ujalkimia.hu\/akademia\/product\/uj-2-havi-reszletfizetessel-kapcsolatok-gyogyitasa-webszeminarium\/#primaryimage\"},\"image\":{\"@id\":\"https:\/\/ujalkimia.hu\/akademia\/product\/uj-2-havi-reszletfizetessel-kapcsolatok-gyogyitasa-webszeminarium\/#primaryimage\"},\"thumbnailUrl\":\"https:\/\/ujalkimia.hu\/akademia\/wp-content\/uploads\/2026\/02\/2026kapcsolatokgygytsawebszeminrium2havi-ezgif-com-resize-kicsi.gif\",\"datePublished\":\"2025-12-29T13:52:04+00:00\",\"dateModified\":\"2026-03-26T14:16:46+00:00\",\"description\":\"Az \u00dajalk\u00edmia felfedi, alkalmazhat\u00f3v\u00e1 teszi az alkimist\u00e1k rejt\u00e9lyes szimb\u00f3lumokba k\u00f3dolt transzcendens tud\u00e1s\u00e1t. Alap\u00edt\u00f3 Egedi-Kov\u00e1cs Melinda.\",\"breadcrumb\":{\"@id\":\"https:\/\/ujalkimia.hu\/akademia\/product\/uj-2-havi-reszletfizetessel-kapcsolatok-gyogyitasa-webszeminarium\/#breadcrumb\"},\"inLanguage\":\"hu\",\"potentialAction\":[{\"@type\":\"ReadAction\",\"target\":[\"https:\/\/ujalkimia.hu\/akademia\/product\/uj-2-havi-reszletfizetessel-kapcsolatok-gyogyitasa-webszeminarium\/\"]}]},{\"@type\":\"ImageObject\",\"inLanguage\":\"hu\",\"@id\":\"https:\/\/ujalkimia.hu\/akademia\/product\/uj-2-havi-reszletfizetessel-kapcsolatok-gyogyitasa-webszeminarium\/#primaryimage\",\"url\":\"https:\/\/ujalkimia.hu\/akademia\/wp-content\/uploads\/2026\/02\/2026kapcsolatokgygytsawebszeminrium2havi-ezgif-com-resize-kicsi.gif\",\"contentUrl\":\"https:\/\/ujalkimia.hu\/akademia\/wp-content\/uploads\/2026\/02\/2026kapcsolatokgygytsawebszeminrium2havi-ezgif-com-resize-kicsi.gif\",\"width\":300,\"height\":225},{\"@type\":\"BreadcrumbList\",\"@id\":\"https:\/\/ujalkimia.hu\/akademia\/product\/uj-2-havi-reszletfizetessel-kapcsolatok-gyogyitasa-webszeminarium\/#breadcrumb\",\"itemListElement\":[{\"@type\":\"ListItem\",\"position\":1,\"name\":\"Home\",\"item\":\"https:\/\/ujalkimia.hu\/akademia\/\"},{\"@type\":\"ListItem\",\"position\":2,\"name\":\"Itt tudod megv\u00e1s\u00e1rolni az Online k\u00e9pz\u00e9seket \u00e9s jelentkezni az \u00e9l\u0151 k\u00e9pz\u00e9sekre\",\"item\":\"https:\/\/ujalkimia.hu\/akademia\/online-kepzesek-es-eloadasok\/\"},{\"@type\":\"ListItem\",\"position\":3,\"name\":\"2 havi r\u00e9szletfizet\u00e9ssel: Kapcsolatok gy\u00f3gy\u00edt\u00e1sa (webszemin\u00e1rium)\"}]},{\"@type\":\"WebSite\",\"@id\":\"https:\/\/ujalkimia.hu\/akademia\/#website\",\"url\":\"https:\/\/ujalkimia.hu\/akademia\/\",\"name\":\"\u00dajalk\u00edmia\",\"description\":\"\u00dajalk\u00edmia Iskola\",\"potentialAction\":[{\"@type\":\"SearchAction\",\"target\":{\"@type\":\"EntryPoint\",\"urlTemplate\":\"https:\/\/ujalkimia.hu\/akademia\/?s={search_term_string}\"},\"query-input\":{\"@type\":\"PropertyValueSpecification\",\"valueRequired\":true,\"valueName\":\"search_term_string\"}}],\"inLanguage\":\"hu\"}]}<\/script>\n<!-- \/ Yoast SEO plugin. -->","yoast_head_json":{"title":"2 havi r\u00e9szletfizet\u00e9ssel: Kapcsolatok gy\u00f3gy\u00edt\u00e1sa (webszemin\u00e1rium) - \u00dajalk\u00edmia","description":"Az \u00dajalk\u00edmia felfedi, alkalmazhat\u00f3v\u00e1 teszi az alkimist\u00e1k rejt\u00e9lyes szimb\u00f3lumokba k\u00f3dolt transzcendens tud\u00e1s\u00e1t. Alap\u00edt\u00f3 Egedi-Kov\u00e1cs Melinda.","robots":{"index":"noindex","follow":"follow","max-snippet":"max-snippet:-1","max-image-preview":"max-image-preview:large","max-video-preview":"max-video-preview:-1"},"og_locale":"hu_HU","og_type":"article","og_title":"Kapcsolatok gy\u00f3gy\u00edt\u00e1sa webszemin\u00e1rium","og_description":"Az \u00dajalk\u00edmia felfedi \u00e9s a mai ember sz\u00e1m\u00e1ra alkalmazhat\u00f3v\u00e1 teszi az alkimist\u00e1k rejt\u00e9lyes szimb\u00f3lumokba k\u00f3dolt titkos, transzcendens tud\u00e1s\u00e1t. Alap\u00edt\u00f3 Egedi-Kov\u00e1cs Melinda. \u00d6nfejleszt\u0151 m\u00f3dszer, ezoterikus, spiritu\u00e1lis k\u00e9pz\u00e9sek, misztika, medit\u00e1ci\u00f3, k\u00f6z\u00f6ss\u00e9g.","og_url":"https:\/\/ujalkimia.hu\/akademia\/product\/uj-2-havi-reszletfizetessel-kapcsolatok-gyogyitasa-webszeminarium\/","og_site_name":"\u00dajalk\u00edmia","article_modified_time":"2026-03-26T14:16:46+00:00","og_image":[{"width":300,"height":225,"url":"https:\/\/ujalkimia.hu\/akademia\/wp-content\/uploads\/2026\/02\/2026kapcsolatokgygytsawebszeminrium2havi-ezgif-com-resize-kicsi.gif","type":"image\/gif"}],"twitter_card":"summary_large_image","twitter_misc":{"Becs\u00fclt olvas\u00e1si id\u0151":"2 perc"},"schema":{"@context":"https:\/\/schema.org","@graph":[{"@type":"WebPage","@id":"https:\/\/ujalkimia.hu\/akademia\/product\/uj-2-havi-reszletfizetessel-kapcsolatok-gyogyitasa-webszeminarium\/","url":"https:\/\/ujalkimia.hu\/akademia\/product\/uj-2-havi-reszletfizetessel-kapcsolatok-gyogyitasa-webszeminarium\/","name":"2 havi r\u00e9szletfizet\u00e9ssel: Kapcsolatok gy\u00f3gy\u00edt\u00e1sa (webszemin\u00e1rium) - \u00dajalk\u00edmia","isPartOf":{"@id":"https:\/\/ujalkimia.hu\/akademia\/#website"},"primaryImageOfPage":{"@id":"https:\/\/ujalkimia.hu\/akademia\/product\/uj-2-havi-reszletfizetessel-kapcsolatok-gyogyitasa-webszeminarium\/#primaryimage"},"image":{"@id":"https:\/\/ujalkimia.hu\/akademia\/product\/uj-2-havi-reszletfizetessel-kapcsolatok-gyogyitasa-webszeminarium\/#primaryimage"},"thumbnailUrl":"https:\/\/ujalkimia.hu\/akademia\/wp-content\/uploads\/2026\/02\/2026kapcsolatokgygytsawebszeminrium2havi-ezgif-com-resize-kicsi.gif","datePublished":"2025-12-29T13:52:04+00:00","dateModified":"2026-03-26T14:16:46+00:00","description":"Az \u00dajalk\u00edmia felfedi, alkalmazhat\u00f3v\u00e1 teszi az alkimist\u00e1k rejt\u00e9lyes szimb\u00f3lumokba k\u00f3dolt transzcendens tud\u00e1s\u00e1t. Alap\u00edt\u00f3 Egedi-Kov\u00e1cs Melinda.","breadcrumb":{"@id":"https:\/\/ujalkimia.hu\/akademia\/product\/uj-2-havi-reszletfizetessel-kapcsolatok-gyogyitasa-webszeminarium\/#breadcrumb"},"inLanguage":"hu","potentialAction":[{"@type":"ReadAction","target":["https:\/\/ujalkimia.hu\/akademia\/product\/uj-2-havi-reszletfizetessel-kapcsolatok-gyogyitasa-webszeminarium\/"]}]},{"@type":"ImageObject","inLanguage":"hu","@id":"https:\/\/ujalkimia.hu\/akademia\/product\/uj-2-havi-reszletfizetessel-kapcsolatok-gyogyitasa-webszeminarium\/#primaryimage","url":"https:\/\/ujalkimia.hu\/akademia\/wp-content\/uploads\/2026\/02\/2026kapcsolatokgygytsawebszeminrium2havi-ezgif-com-resize-kicsi.gif","contentUrl":"https:\/\/ujalkimia.hu\/akademia\/wp-content\/uploads\/2026\/02\/2026kapcsolatokgygytsawebszeminrium2havi-ezgif-com-resize-kicsi.gif","width":300,"height":225},{"@type":"BreadcrumbList","@id":"https:\/\/ujalkimia.hu\/akademia\/product\/uj-2-havi-reszletfizetessel-kapcsolatok-gyogyitasa-webszeminarium\/#breadcrumb","itemListElement":[{"@type":"ListItem","position":1,"name":"Home","item":"https:\/\/ujalkimia.hu\/akademia\/"},{"@type":"ListItem","position":2,"name":"Itt tudod megv\u00e1s\u00e1rolni az Online k\u00e9pz\u00e9seket \u00e9s jelentkezni az \u00e9l\u0151 k\u00e9pz\u00e9sekre","item":"https:\/\/ujalkimia.hu\/akademia\/online-kepzesek-es-eloadasok\/"},{"@type":"ListItem","position":3,"name":"2 havi r\u00e9szletfizet\u00e9ssel: Kapcsolatok gy\u00f3gy\u00edt\u00e1sa (webszemin\u00e1rium)"}]},{"@type":"WebSite","@id":"https:\/\/ujalkimia.hu\/akademia\/#website","url":"https:\/\/ujalkimia.hu\/akademia\/","name":"\u00dajalk\u00edmia","description":"\u00dajalk\u00edmia Iskola","potentialAction":[{"@type":"SearchAction","target":{"@type":"EntryPoint","urlTemplate":"https:\/\/ujalkimia.hu\/akademia\/?s={search_term_string}"},"query-input":{"@type":"PropertyValueSpecification","valueRequired":true,"valueName":"search_term_string"}}],"inLanguage":"hu"}]}},"_links":{"self":[{"href":"https:\/\/ujalkimia.hu\/akademia\/wp-json\/wp\/v2\/product\/31547","targetHints":{"allow":["GET"]}}],"collection":[{"href":"https:\/\/ujalkimia.hu\/akademia\/wp-json\/wp\/v2\/product"}],"about":[{"href":"https:\/\/ujalkimia.hu\/akademia\/wp-json\/wp\/v2\/types\/product"}],"wp:featuredmedia":[{"embeddable":true,"href":"https:\/\/ujalkimia.hu\/akademia\/wp-json\/wp\/v2\/media\/32113"}],"wp:attachment":[{"href":"https:\/\/ujalkimia.hu\/akademia\/wp-json\/wp\/v2\/media?parent=31547"}],"wp:term":[{"taxonomy":"product_brand","embeddable":true,"href":"https:\/\/ujalkimia.hu\/akademia\/wp-json\/wp\/v2\/product_brand?post=31547"},{"taxonomy":"product_cat","embeddable":true,"href":"https:\/\/ujalkimia.hu\/akademia\/wp-json\/wp\/v2\/product_cat?post=31547"},{"taxonomy":"product_tag","embeddable":true,"href":"https:\/\/ujalkimia.hu\/akademia\/wp-json\/wp\/v2\/product_tag?post=31547"}],"curies":[{"name":"wp","href":"https:\/\/api.w.org\/{rel}","templated":true}]}}