{"id":31770,"date":"2026-01-09T17:28:10","date_gmt":"2026-01-09T16:28:10","guid":{"rendered":"https:\/\/ujalkimia.hu\/akademia\/?post_type=product&#038;p=31770"},"modified":"2026-03-26T16:09:32","modified_gmt":"2026-03-26T15:09:32","slug":"3-havi-reszletfizetessel-portugal-elvonulas","status":"publish","type":"product","link":"https:\/\/ujalkimia.hu\/akademia\/product\/3-havi-reszletfizetessel-portugal-elvonulas\/","title":{"rendered":"3 havi r\u00e9szletfizet\u00e9ssel &#8211; Axis Mundi Portug\u00e1l elvonul\u00e1s"},"content":{"rendered":"","protected":true},"excerpt":{"rendered":"","protected":true},"featured_media":31790,"template":"","meta":[],"product_brand":[],"product_cat":[201],"product_tag":[],"class_list":{"0":"post-31770","1":"product","2":"type-product","3":"status-publish","4":"post-password-required","6":"product_cat-reszletfizeteses-kepzesek","8":"first","9":"instock","10":"virtual","11":"sold-individually","12":"taxable","13":"purchasable","14":"product-type-subscription"},"bundled_by":[],"bundle_stock_status":"instock","bundle_stock_quantity":null,"bundle_virtual":false,"bundle_layout":"","bundle_add_to_cart_form_location":"","bundle_editable_in_cart":false,"bundle_sold_individually_context":"","bundle_item_grouping":"","bundle_min_size":"","bundle_max_size":"","bundle_price":[],"bundled_items":[],"bundle_sell_ids":[],"yoast_head":"<!-- This site is optimized with the Yoast SEO plugin v27.0 - https:\/\/yoast.com\/product\/yoast-seo-wordpress\/ -->\n<title>3 havi r\u00e9szletfizet\u00e9ssel - Axis Mundi Portug\u00e1l elvonul\u00e1s - \u00dajalk\u00edmia<\/title>\n<meta name=\"description\" content=\"Az \u00dajalk\u00edmia felfedi, alkalmazhat\u00f3v\u00e1 teszi az alkimist\u00e1k rejt\u00e9lyes szimb\u00f3lumokba k\u00f3dolt transzcendens tud\u00e1s\u00e1t. Alap\u00edt\u00f3 Egedi-Kov\u00e1cs Melinda.\" \/>\n<meta name=\"robots\" content=\"noindex, follow, max-snippet:-1, max-image-preview:large, max-video-preview:-1\" \/>\n<meta property=\"og:locale\" content=\"hu_HU\" \/>\n<meta property=\"og:type\" content=\"article\" \/>\n<meta property=\"og:title\" content=\"3 havi r\u00e9szletfizet\u00e9ssel - Portug\u00e1l elvonul\u00e1s\" \/>\n<meta property=\"og:description\" content=\"Az \u00dajalk\u00edmia felfedi \u00e9s a mai ember sz\u00e1m\u00e1ra alkalmazhat\u00f3v\u00e1 teszi az alkimist\u00e1k rejt\u00e9lyes szimb\u00f3lumokba k\u00f3dolt titkos, transzcendens tud\u00e1s\u00e1t. Alap\u00edt\u00f3 Egedi-Kov\u00e1cs Melinda. \u00d6nfejleszt\u0151 m\u00f3dszer, ezoterikus, spiritu\u00e1lis k\u00e9pz\u00e9sek, misztika, medit\u00e1ci\u00f3, k\u00f6z\u00f6ss\u00e9g.\" \/>\n<meta property=\"og:url\" content=\"https:\/\/ujalkimia.hu\/akademia\/product\/3-havi-reszletfizetessel-portugal-elvonulas\/\" \/>\n<meta property=\"og:site_name\" content=\"\u00dajalk\u00edmia\" \/>\n<meta property=\"article:modified_time\" content=\"2026-03-26T15:09:32+00:00\" \/>\n<meta name=\"twitter:card\" content=\"summary_large_image\" \/>\n<meta name=\"twitter:label1\" content=\"Becs\u00fclt olvas\u00e1si id\u0151\" \/>\n\t<meta name=\"twitter:data1\" content=\"3 perc\" \/>\n<script type=\"application\/ld+json\" class=\"yoast-schema-graph\">{\"@context\":\"https:\/\/schema.org\",\"@graph\":[{\"@type\":\"WebPage\",\"@id\":\"https:\/\/ujalkimia.hu\/akademia\/product\/3-havi-reszletfizetessel-portugal-elvonulas\/\",\"url\":\"https:\/\/ujalkimia.hu\/akademia\/product\/3-havi-reszletfizetessel-portugal-elvonulas\/\",\"name\":\"3 havi r\u00e9szletfizet\u00e9ssel - Axis Mundi Portug\u00e1l elvonul\u00e1s - \u00dajalk\u00edmia\",\"isPartOf\":{\"@id\":\"https:\/\/ujalkimia.hu\/akademia\/#website\"},\"datePublished\":\"2026-01-09T16:28:10+00:00\",\"dateModified\":\"2026-03-26T15:09:32+00:00\",\"breadcrumb\":{\"@id\":\"https:\/\/ujalkimia.hu\/akademia\/product\/3-havi-reszletfizetessel-portugal-elvonulas\/#breadcrumb\"},\"inLanguage\":\"hu\"},{\"@type\":\"WebSite\",\"@id\":\"https:\/\/ujalkimia.hu\/akademia\/#website\",\"url\":\"https:\/\/ujalkimia.hu\/akademia\/\",\"name\":\"\u00dajalk\u00edmia\",\"description\":\"\u00dajalk\u00edmia Iskola\",\"potentialAction\":[{\"@type\":\"SearchAction\",\"target\":{\"@type\":\"EntryPoint\",\"urlTemplate\":\"https:\/\/ujalkimia.hu\/akademia\/?s={search_term_string}\"},\"query-input\":{\"@type\":\"PropertyValueSpecification\",\"valueRequired\":true,\"valueName\":\"search_term_string\"}}],\"inLanguage\":\"hu\"}]}<\/script>\n<!-- \/ Yoast SEO plugin. -->","yoast_head_json":{"title":"3 havi r\u00e9szletfizet\u00e9ssel - Axis Mundi Portug\u00e1l elvonul\u00e1s - \u00dajalk\u00edmia","description":"Az \u00dajalk\u00edmia felfedi, alkalmazhat\u00f3v\u00e1 teszi az alkimist\u00e1k rejt\u00e9lyes szimb\u00f3lumokba k\u00f3dolt transzcendens tud\u00e1s\u00e1t. Alap\u00edt\u00f3 Egedi-Kov\u00e1cs Melinda.","robots":{"index":"noindex","follow":"follow","max-snippet":"max-snippet:-1","max-image-preview":"max-image-preview:large","max-video-preview":"max-video-preview:-1"},"og_locale":"hu_HU","og_type":"article","og_title":"3 havi r\u00e9szletfizet\u00e9ssel - Portug\u00e1l elvonul\u00e1s","og_description":"Az \u00dajalk\u00edmia felfedi \u00e9s a mai ember sz\u00e1m\u00e1ra alkalmazhat\u00f3v\u00e1 teszi az alkimist\u00e1k rejt\u00e9lyes szimb\u00f3lumokba k\u00f3dolt titkos, transzcendens tud\u00e1s\u00e1t. Alap\u00edt\u00f3 Egedi-Kov\u00e1cs Melinda. \u00d6nfejleszt\u0151 m\u00f3dszer, ezoterikus, spiritu\u00e1lis k\u00e9pz\u00e9sek, misztika, medit\u00e1ci\u00f3, k\u00f6z\u00f6ss\u00e9g.","og_url":"https:\/\/ujalkimia.hu\/akademia\/product\/3-havi-reszletfizetessel-portugal-elvonulas\/","og_site_name":"\u00dajalk\u00edmia","article_modified_time":"2026-03-26T15:09:32+00:00","twitter_card":"summary_large_image","twitter_misc":{"Becs\u00fclt olvas\u00e1si id\u0151":"3 perc"},"schema":{"@context":"https:\/\/schema.org","@graph":[{"@type":"WebPage","@id":"https:\/\/ujalkimia.hu\/akademia\/product\/3-havi-reszletfizetessel-portugal-elvonulas\/","url":"https:\/\/ujalkimia.hu\/akademia\/product\/3-havi-reszletfizetessel-portugal-elvonulas\/","name":"3 havi r\u00e9szletfizet\u00e9ssel - Axis Mundi Portug\u00e1l elvonul\u00e1s - \u00dajalk\u00edmia","isPartOf":{"@id":"https:\/\/ujalkimia.hu\/akademia\/#website"},"datePublished":"2026-01-09T16:28:10+00:00","dateModified":"2026-03-26T15:09:32+00:00","breadcrumb":{"@id":"https:\/\/ujalkimia.hu\/akademia\/product\/3-havi-reszletfizetessel-portugal-elvonulas\/#breadcrumb"},"inLanguage":"hu"},{"@type":"WebSite","@id":"https:\/\/ujalkimia.hu\/akademia\/#website","url":"https:\/\/ujalkimia.hu\/akademia\/","name":"\u00dajalk\u00edmia","description":"\u00dajalk\u00edmia Iskola","potentialAction":[{"@type":"SearchAction","target":{"@type":"EntryPoint","urlTemplate":"https:\/\/ujalkimia.hu\/akademia\/?s={search_term_string}"},"query-input":{"@type":"PropertyValueSpecification","valueRequired":true,"valueName":"search_term_string"}}],"inLanguage":"hu"}]}},"_links":{"self":[{"href":"https:\/\/ujalkimia.hu\/akademia\/wp-json\/wp\/v2\/product\/31770","targetHints":{"allow":["GET"]}}],"collection":[{"href":"https:\/\/ujalkimia.hu\/akademia\/wp-json\/wp\/v2\/product"}],"about":[{"href":"https:\/\/ujalkimia.hu\/akademia\/wp-json\/wp\/v2\/types\/product"}],"wp:featuredmedia":[{"embeddable":true,"href":"https:\/\/ujalkimia.hu\/akademia\/wp-json\/wp\/v2\/media\/31790"}],"wp:attachment":[{"href":"https:\/\/ujalkimia.hu\/akademia\/wp-json\/wp\/v2\/media?parent=31770"}],"wp:term":[{"taxonomy":"product_brand","embeddable":true,"href":"https:\/\/ujalkimia.hu\/akademia\/wp-json\/wp\/v2\/product_brand?post=31770"},{"taxonomy":"product_cat","embeddable":true,"href":"https:\/\/ujalkimia.hu\/akademia\/wp-json\/wp\/v2\/product_cat?post=31770"},{"taxonomy":"product_tag","embeddable":true,"href":"https:\/\/ujalkimia.hu\/akademia\/wp-json\/wp\/v2\/product_tag?post=31770"}],"curies":[{"name":"wp","href":"https:\/\/api.w.org\/{rel}","templated":true}]}}